{"id":12485,"date":"2021-05-20T19:32:03","date_gmt":"2021-05-20T19:32:03","guid":{"rendered":"https:\/\/pinch.nl\/ios-app\/"},"modified":"2024-05-31T13:57:04","modified_gmt":"2024-05-31T12:57:04","slug":"ios-app","status":"publish","type":"page","link":"https:\/\/pinch.nl\/es\/app-laten-maken\/ios-app\/","title":{"rendered":"Crear una aplicaci\u00f3n iOS | Aplicaciones de iOS"},"content":{"rendered":"\t\t<div data-elementor-type=\"wp-page\" data-elementor-id=\"12485\" class=\"elementor elementor-12485 elementor-3855\" data-elementor-post-type=\"page\">\n\t\t\t\t\t\t<section class=\"elementor-section elementor-top-section elementor-element elementor-element-d4114c0 elementor-section-boxed elementor-section-height-default elementor-section-height-default\" data-id=\"d4114c0\" data-element_type=\"section\" data-e-type=\"section\" data-settings=\"{&quot;background_background&quot;:&quot;classic&quot;}\">\n\t\t\t\t\t\t\t<div class=\"elementor-background-overlay\"><\/div>\n\t\t\t\t\t\t\t<div class=\"elementor-container elementor-column-gap-default\">\n\t\t\t\t\t<div class=\"elementor-column elementor-col-100 elementor-top-column elementor-element elementor-element-80d0270\" data-id=\"80d0270\" data-element_type=\"column\" data-e-type=\"column\">\n\t\t\t<div class=\"elementor-widget-wrap elementor-element-populated\">\n\t\t\t\t\t\t<div class=\"elementor-element elementor-element-491dda3 elementor-widget elementor-widget-heading\" data-id=\"491dda3\" data-element_type=\"widget\" data-e-type=\"widget\" data-widget_type=\"heading.default\">\n\t\t\t\t<div class=\"elementor-widget-container\">\n\t\t\t\t\t<h2 class=\"elementor-heading-title elementor-size-default\">DESARROLLO iOS<\/h2>\t\t\t\t<\/div>\n\t\t\t\t<\/div>\n\t\t\t\t<div class=\"elementor-element elementor-element-bfd122e elementor-widget-divider--view-line elementor-widget elementor-widget-divider\" data-id=\"bfd122e\" data-element_type=\"widget\" data-e-type=\"widget\" data-widget_type=\"divider.default\">\n\t\t\t\t<div class=\"elementor-widget-container\">\n\t\t\t\t\t\t\t<div class=\"elementor-divider\">\n\t\t\t<span class=\"elementor-divider-separator\">\n\t\t\t\t\t\t<\/span>\n\t\t<\/div>\n\t\t\t\t\t\t<\/div>\n\t\t\t\t<\/div>\n\t\t\t\t\t<\/div>\n\t\t<\/div>\n\t\t\t\t\t<\/div>\n\t\t<\/section>\n\t\t\t\t<section class=\"elementor-section elementor-top-section elementor-element elementor-element-991873b elementor-section-boxed elementor-section-height-default elementor-section-height-default\" data-id=\"991873b\" data-element_type=\"section\" data-e-type=\"section\">\n\t\t\t\t\t\t<div class=\"elementor-container elementor-column-gap-default\">\n\t\t\t\t\t<div class=\"elementor-column elementor-col-100 elementor-top-column elementor-element elementor-element-ecfeb91\" data-id=\"ecfeb91\" data-element_type=\"column\" data-e-type=\"column\">\n\t\t\t<div class=\"elementor-widget-wrap elementor-element-populated\">\n\t\t\t\t\t\t<div class=\"elementor-element elementor-element-54f1b44 elementor-widget elementor-widget-heading\" data-id=\"54f1b44\" data-element_type=\"widget\" data-e-type=\"widget\" data-widget_type=\"heading.default\">\n\t\t\t\t<div class=\"elementor-widget-container\">\n\t\t\t\t\t<h2 class=\"elementor-heading-title elementor-size-default\">Crear aplicaci\u00f3n para iOS<\/h2>\t\t\t\t<\/div>\n\t\t\t\t<\/div>\n\t\t\t\t<div class=\"elementor-element elementor-element-29ab2b2 elementor-widget elementor-widget-heading\" data-id=\"29ab2b2\" data-element_type=\"widget\" data-e-type=\"widget\" data-widget_type=\"heading.default\">\n\t\t\t\t<div class=\"elementor-widget-container\">\n\t\t\t\t\t<h1 class=\"elementor-heading-title elementor-size-default\">Desarrollo de aplicaciones iOS por Pinch<\/h1>\t\t\t\t<\/div>\n\t\t\t\t<\/div>\n\t\t\t\t<div class=\"elementor-element elementor-element-c4f10b7 elementor-widget elementor-widget-text-editor\" data-id=\"c4f10b7\" data-element_type=\"widget\" data-e-type=\"widget\" data-widget_type=\"text-editor.default\">\n\t\t\t\t<div class=\"elementor-widget-container\">\n\t\t\t\t\t\t\t\t\t<p>iOS es el sistema operativo m\u00e1s popular en smartphones despu\u00e9s de Android y es conocido por su facilidad de uso. Juntos tienen casi el 100% de cuota de mercado, por lo que solemos recomendar crear una app para ambas plataformas. En Pinch hemos desarrollado m\u00e1s de 100 aplicaciones iOS de primera clase, como Qmusic, De Telegraaf, NRC y Parkmobile.<\/p>\n\t\t\t\t\t\t\t\t<\/div>\n\t\t\t\t<\/div>\n\t\t\t\t\t<\/div>\n\t\t<\/div>\n\t\t\t\t\t<\/div>\n\t\t<\/section>\n\t\t\t\t<section class=\"elementor-section elementor-top-section elementor-element elementor-element-dbf39ae elementor-section-boxed elementor-section-height-default elementor-section-height-default\" data-id=\"dbf39ae\" data-element_type=\"section\" data-e-type=\"section\">\n\t\t\t\t\t\t<div class=\"elementor-container elementor-column-gap-default\">\n\t\t\t\t\t<div class=\"elementor-column elementor-col-50 elementor-top-column elementor-element elementor-element-2e153a9\" data-id=\"2e153a9\" data-element_type=\"column\" data-e-type=\"column\">\n\t\t\t<div class=\"elementor-widget-wrap elementor-element-populated\">\n\t\t\t\t\t\t<div class=\"elementor-element elementor-element-9c3930d elementor-widget elementor-widget-heading\" data-id=\"9c3930d\" data-element_type=\"widget\" data-e-type=\"widget\" data-widget_type=\"heading.default\">\n\t\t\t\t<div class=\"elementor-widget-container\">\n\t\t\t\t\t<h2 class=\"elementor-heading-title elementor-size-default\">El primer smartphone real<\/h2>\t\t\t\t<\/div>\n\t\t\t\t<\/div>\n\t\t\t\t<div class=\"elementor-element elementor-element-6fc7b3b elementor-widget elementor-widget-text-editor\" data-id=\"6fc7b3b\" data-element_type=\"widget\" data-e-type=\"widget\" data-widget_type=\"text-editor.default\">\n\t\t\t\t<div class=\"elementor-widget-container\">\n\t\t\t\t\t\t\t\t\t<p>IBM vendi\u00f3 un \u201csmartphone\u201d con pantalla t\u00e1ctil, aplicaciones de terceros y funcionalidad de correo electr\u00f3nico en 1994. Pero el primer smartphone moderno, el iPhone, no se lanz\u00f3 al mercado hasta 13 a\u00f1os despu\u00e9s. Hasta la fecha se han vendido m\u00e1s de 2 mil millones de iPhone.<\/p>\n<p>Mientras que Android se encuentra en dispositivos de distintos fabricantes, iOS s\u00f3lo se puede encontrar en dispositivos Apple. Puede ser interesante considerar la creaci\u00f3n una aplicaci\u00f3n para iOS, ya que la tecnolog\u00eda de Apple est\u00e1 muy presente en ciertos grupos demogr\u00e1ficos.<\/p>\n\t\t\t\t\t\t\t\t<\/div>\n\t\t\t\t<\/div>\n\t\t\t\t<div class=\"elementor-element elementor-element-5ea1a55 elementor-widget elementor-widget-button\" data-id=\"5ea1a55\" data-element_type=\"widget\" data-e-type=\"widget\" data-widget_type=\"button.default\">\n\t\t\t\t<div class=\"elementor-widget-container\">\n\t\t\t\t\t\t\t\t\t<div class=\"elementor-button-wrapper\">\n\t\t\t\t\t<a class=\"elementor-button elementor-button-link elementor-size-sm\" href=\"https:\/\/pinch.nl\/es\/werkwijze\/\">\n\t\t\t\t\t\t<span class=\"elementor-button-content-wrapper\">\n\t\t\t\t\t\t\t\t\t<span class=\"elementor-button-text\">Ve nuestro m\u00e9todo de trabajo<\/span>\n\t\t\t\t\t<\/span>\n\t\t\t\t\t<\/a>\n\t\t\t\t<\/div>\n\t\t\t\t\t\t\t\t<\/div>\n\t\t\t\t<\/div>\n\t\t\t\t\t<\/div>\n\t\t<\/div>\n\t\t\t\t<div class=\"elementor-column elementor-col-50 elementor-top-column elementor-element elementor-element-71b7948\" data-id=\"71b7948\" data-element_type=\"column\" data-e-type=\"column\">\n\t\t\t<div class=\"elementor-widget-wrap elementor-element-populated\">\n\t\t\t\t\t\t<div class=\"elementor-element elementor-element-444b02d elementor-widget elementor-widget-image\" data-id=\"444b02d\" data-element_type=\"widget\" data-e-type=\"widget\" data-widget_type=\"image.default\">\n\t\t\t\t<div class=\"elementor-widget-container\">\n\t\t\t\t\t\t\t\t\t\t\t\t\t\t\t<img fetchpriority=\"high\" decoding=\"async\" width=\"800\" height=\"534\" src=\"https:\/\/pinch.nl\/wp-content\/uploads\/2023\/06\/IMG_4581-1024x683.jpg\" class=\"attachment-large size-large wp-image-12767\" alt=\"iOS App development - geschiedenis\" srcset=\"https:\/\/pinch.nl\/wp-content\/uploads\/2023\/06\/IMG_4581-1024x683.jpg 1024w, https:\/\/pinch.nl\/wp-content\/uploads\/2023\/06\/IMG_4581-300x200.jpg 300w, https:\/\/pinch.nl\/wp-content\/uploads\/2023\/06\/IMG_4581-768x512.jpg 768w, https:\/\/pinch.nl\/wp-content\/uploads\/2023\/06\/IMG_4581-1536x1024.jpg 1536w, https:\/\/pinch.nl\/wp-content\/uploads\/2023\/06\/IMG_4581-2048x1365.jpg 2048w\" sizes=\"(max-width: 800px) 100vw, 800px\" \/>\t\t\t\t\t\t\t\t\t\t\t\t\t\t\t<\/div>\n\t\t\t\t<\/div>\n\t\t\t\t\t<\/div>\n\t\t<\/div>\n\t\t\t\t\t<\/div>\n\t\t<\/section>\n\t\t\t\t<section class=\"elementor-section elementor-top-section elementor-element elementor-element-cfb033b elementor-reverse-mobile elementor-section-boxed elementor-section-height-default elementor-section-height-default\" data-id=\"cfb033b\" data-element_type=\"section\" data-e-type=\"section\">\n\t\t\t\t\t\t<div class=\"elementor-container elementor-column-gap-default\">\n\t\t\t\t\t<div class=\"elementor-column elementor-col-33 elementor-top-column elementor-element elementor-element-c7b05a9\" data-id=\"c7b05a9\" data-element_type=\"column\" data-e-type=\"column\">\n\t\t\t<div class=\"elementor-widget-wrap elementor-element-populated\">\n\t\t\t\t\t\t<div class=\"elementor-element elementor-element-ce8ec38 elementor-widget elementor-widget-image\" data-id=\"ce8ec38\" data-element_type=\"widget\" data-e-type=\"widget\" data-widget_type=\"image.default\">\n\t\t\t\t<div class=\"elementor-widget-container\">\n\t\t\t\t\t\t\t\t\t\t\t\t\t\t\t<img decoding=\"async\" width=\"800\" height=\"534\" src=\"https:\/\/pinch.nl\/wp-content\/uploads\/2023\/06\/IMG_4602-1024x683.jpg\" class=\"attachment-large size-large wp-image-12768\" alt=\"iOS App development - MacBook\" srcset=\"https:\/\/pinch.nl\/wp-content\/uploads\/2023\/06\/IMG_4602-1024x683.jpg 1024w, https:\/\/pinch.nl\/wp-content\/uploads\/2023\/06\/IMG_4602-300x200.jpg 300w, https:\/\/pinch.nl\/wp-content\/uploads\/2023\/06\/IMG_4602-768x512.jpg 768w, https:\/\/pinch.nl\/wp-content\/uploads\/2023\/06\/IMG_4602-1536x1024.jpg 1536w, https:\/\/pinch.nl\/wp-content\/uploads\/2023\/06\/IMG_4602-2048x1365.jpg 2048w\" sizes=\"(max-width: 800px) 100vw, 800px\" \/>\t\t\t\t\t\t\t\t\t\t\t\t\t\t\t<\/div>\n\t\t\t\t<\/div>\n\t\t\t\t\t<\/div>\n\t\t<\/div>\n\t\t\t\t<div class=\"elementor-column elementor-col-66 elementor-top-column elementor-element elementor-element-ad09714\" data-id=\"ad09714\" data-element_type=\"column\" data-e-type=\"column\">\n\t\t\t<div class=\"elementor-widget-wrap elementor-element-populated\">\n\t\t\t\t\t\t<div class=\"elementor-element elementor-element-6b53e41 elementor-widget elementor-widget-heading\" data-id=\"6b53e41\" data-element_type=\"widget\" data-e-type=\"widget\" data-widget_type=\"heading.default\">\n\t\t\t\t<div class=\"elementor-widget-container\">\n\t\t\t\t\t<h2 class=\"elementor-heading-title elementor-size-default\">Aplicaci\u00f3n iOS nativa vs aplicaci\u00f3n h\u00edbrida<\/h2>\t\t\t\t<\/div>\n\t\t\t\t<\/div>\n\t\t\t\t<div class=\"elementor-element elementor-element-9eea5ab elementor-widget elementor-widget-text-editor\" data-id=\"9eea5ab\" data-element_type=\"widget\" data-e-type=\"widget\" data-widget_type=\"text-editor.default\">\n\t\t\t\t<div class=\"elementor-widget-container\">\n\t\t\t\t\t\t\t\t\t<p><span style=\"font-weight: 400;\">Una app nativa iOS est\u00e1 desarrollada espec\u00edficamente para la plataforma iOS. Aunque todo el desarrollo de aplicaciones sol\u00eda ser nativo, en los \u00faltimos a\u00f1os se han desarrollado cada vez m\u00e1s aplicaciones \u00abh\u00edbridas\u00bb. <\/span><\/p>\n<p><span style=\"font-weight: 400;\">En otras palabras: dise\u00f1adores y<\/span> <a href=\"https:\/\/pinch.nl\/es\/app-development\/\"><span style=\"font-weight: 400;\">desarrolladores.<\/span><\/a><span style=\"font-weight: 400;\"> Puedes desarrollar simult\u00e1neamente para iOS y Android con frameworks multi-plataforma. A nuestro parecer, Flutter destaca muy por encima del resto. Nuestro equipo Flutter puede crear, mantener y desarrollar aplicaciones de manera m\u00e1s r\u00e1pida y rentable. No todos los tipos de apps son aptas para el desarrollo h\u00edbrido. <\/span><\/p>\n\t\t\t\t\t\t\t\t<\/div>\n\t\t\t\t<\/div>\n\t\t\t\t<div class=\"elementor-element elementor-element-f0ead20 elementor-widget elementor-widget-spacer\" data-id=\"f0ead20\" data-element_type=\"widget\" data-e-type=\"widget\" data-widget_type=\"spacer.default\">\n\t\t\t\t<div class=\"elementor-widget-container\">\n\t\t\t\t\t\t\t<div class=\"elementor-spacer\">\n\t\t\t<div class=\"elementor-spacer-inner\"><\/div>\n\t\t<\/div>\n\t\t\t\t\t\t<\/div>\n\t\t\t\t<\/div>\n\t\t\t\t\t<\/div>\n\t\t<\/div>\n\t\t\t\t\t<\/div>\n\t\t<\/section>\n\t\t\t\t<section class=\"elementor-section elementor-top-section elementor-element elementor-element-83862da elementor-section-boxed elementor-section-height-default elementor-section-height-default\" data-id=\"83862da\" data-element_type=\"section\" data-e-type=\"section\" data-settings=\"{&quot;background_background&quot;:&quot;classic&quot;}\">\n\t\t\t\t\t\t<div class=\"elementor-container elementor-column-gap-default\">\n\t\t\t\t\t<div class=\"elementor-column elementor-col-100 elementor-top-column elementor-element elementor-element-26baa67\" data-id=\"26baa67\" data-element_type=\"column\" data-e-type=\"column\" data-settings=\"{&quot;background_background&quot;:&quot;classic&quot;}\">\n\t\t\t<div class=\"elementor-widget-wrap elementor-element-populated\">\n\t\t\t\t\t\t<div class=\"elementor-element elementor-element-ed92169 elementor-widget elementor-widget-heading\" data-id=\"ed92169\" data-element_type=\"widget\" data-e-type=\"widget\" data-widget_type=\"heading.default\">\n\t\t\t\t<div class=\"elementor-widget-container\">\n\t\t\t\t\t<h2 class=\"elementor-heading-title elementor-size-default\">Desarrollar una aplicaci\u00f3n iOS con Pinch\n<\/h2>\t\t\t\t<\/div>\n\t\t\t\t<\/div>\n\t\t\t\t<div class=\"elementor-element elementor-element-ac47aac elementor-widget elementor-widget-text-editor\" data-id=\"ac47aac\" data-element_type=\"widget\" data-e-type=\"widget\" data-widget_type=\"text-editor.default\">\n\t\t\t\t<div class=\"elementor-widget-container\">\n\t\t\t\t\t\t\t\t\t\u00bfQuieres que Pinch desarrolle una aplicaci\u00f3n iOS? Entonces, trabajar\u00e1s en estrecha colaboraci\u00f3n con nuestro equipo de desarrolladores, dise\u00f1adores y otros profesionales entusiastas y expertos. Un Project Manager permanente mantiene el control sobre el proceso y toda la comunicaci\u00f3n. Nuestro enfoque con servicio completo es \u00fanico en el mercado. Desde el desarrollo de conceptos, la estrategia, el dise\u00f1o visual y de interacci\u00f3n, el desarrollo t\u00e9cnico, el control de calidad, las pruebas y el lanzamiento hasta el seguimiento, el an\u00e1lisis y el desarrollo posterior: Pinch puede relevarlo en todas estas \u00e1reas.\n \t\t\t\t\t\t\t\t<\/div>\n\t\t\t\t<\/div>\n\t\t\t\t\t<\/div>\n\t\t<\/div>\n\t\t\t\t\t<\/div>\n\t\t<\/section>\n\t\t\t\t<section class=\"elementor-section elementor-top-section elementor-element elementor-element-e3cbf2c elementor-section-boxed elementor-section-height-default elementor-section-height-default\" data-id=\"e3cbf2c\" data-element_type=\"section\" data-e-type=\"section\" data-settings=\"{&quot;background_background&quot;:&quot;classic&quot;}\">\n\t\t\t\t\t\t<div class=\"elementor-container elementor-column-gap-default\">\n\t\t\t\t\t<div class=\"elementor-column elementor-col-100 elementor-top-column elementor-element elementor-element-880bc7e\" data-id=\"880bc7e\" data-element_type=\"column\" data-e-type=\"column\" data-settings=\"{&quot;background_background&quot;:&quot;classic&quot;}\">\n\t\t\t<div class=\"elementor-widget-wrap elementor-element-populated\">\n\t\t\t\t\t\t<div class=\"elementor-element elementor-element-2049149 elementor-widget elementor-widget-spacer\" data-id=\"2049149\" data-element_type=\"widget\" data-e-type=\"widget\" data-widget_type=\"spacer.default\">\n\t\t\t\t<div class=\"elementor-widget-container\">\n\t\t\t\t\t\t\t<div class=\"elementor-spacer\">\n\t\t\t<div class=\"elementor-spacer-inner\"><\/div>\n\t\t<\/div>\n\t\t\t\t\t\t<\/div>\n\t\t\t\t<\/div>\n\t\t\t\t\t<\/div>\n\t\t<\/div>\n\t\t\t\t\t<\/div>\n\t\t<\/section>\n\t\t\t\t<section class=\"elementor-section elementor-top-section elementor-element elementor-element-1aa66e9 elementor-section-boxed elementor-section-height-default elementor-section-height-default\" data-id=\"1aa66e9\" data-element_type=\"section\" data-e-type=\"section\" data-settings=\"{&quot;background_background&quot;:&quot;classic&quot;}\">\n\t\t\t\t\t\t<div class=\"elementor-container elementor-column-gap-default\">\n\t\t\t\t\t<div class=\"elementor-column elementor-col-100 elementor-top-column elementor-element elementor-element-b27f29b\" data-id=\"b27f29b\" data-element_type=\"column\" data-e-type=\"column\">\n\t\t\t<div class=\"elementor-widget-wrap elementor-element-populated\">\n\t\t\t\t\t\t<div class=\"elementor-element elementor-element-2d2f0f0 elementor-widget elementor-widget-heading\" data-id=\"2d2f0f0\" data-element_type=\"widget\" data-e-type=\"widget\" data-widget_type=\"heading.default\">\n\t\t\t\t<div class=\"elementor-widget-container\">\n\t\t\t\t\t<h2 class=\"elementor-heading-title elementor-size-default\">ACERCA DE PINCH\n<\/h2>\t\t\t\t<\/div>\n\t\t\t\t<\/div>\n\t\t\t\t<div class=\"elementor-element elementor-element-10315f1 elementor-widget elementor-widget-text-editor\" data-id=\"10315f1\" data-element_type=\"widget\" data-e-type=\"widget\" data-widget_type=\"text-editor.default\">\n\t\t\t\t<div class=\"elementor-widget-container\">\n\t\t\t\t\t\t\t\t\t<p>Pinch es una reconocida agencia de desarrollo m\u00f3vil con oficinas en \u00c1msterdam y M\u00e1laga. Desde nuestra fundaci\u00f3n en 2011, hemos desarrollado m\u00e1s de 100 aplicaciones, incluso para empresas y marcas como NRC, De Telegraaf, Albert Heijn, Takeaway.com, Parkmobile y QWIC. Por lo general, tenemos una gran huella en apps para medios de comunicaci\u00f3n y publicaciones, pero tambi\u00e9n nos centramos en industrias como la movilidad, la tecnolog\u00eda financiera, la atenci\u00f3n sanitaria y el comercio m\u00f3vil. Adem\u00e1s de las apps iOS de primera clase, en Pinch tambi\u00e9n creamos aplicaciones Android y Flutter.<\/p>\n\t\t\t\t\t\t\t\t<\/div>\n\t\t\t\t<\/div>\n\t\t\t\t<div class=\"elementor-element elementor-element-7129e89 elementor-align-center elementor-mobile-align-left elementor-widget elementor-widget-button\" data-id=\"7129e89\" data-element_type=\"widget\" data-e-type=\"widget\" data-widget_type=\"button.default\">\n\t\t\t\t<div class=\"elementor-widget-container\">\n\t\t\t\t\t\t\t\t\t<div class=\"elementor-button-wrapper\">\n\t\t\t\t\t<a class=\"elementor-button elementor-button-link elementor-size-sm\" href=\"\/over-pinch-2\/\">\n\t\t\t\t\t\t<span class=\"elementor-button-content-wrapper\">\n\t\t\t\t\t\t\t\t\t<span class=\"elementor-button-text\">LEER M\u00c1S SOBRE PINCH<\/span>\n\t\t\t\t\t<\/span>\n\t\t\t\t\t<\/a>\n\t\t\t\t<\/div>\n\t\t\t\t\t\t\t\t<\/div>\n\t\t\t\t<\/div>\n\t\t\t\t\t<\/div>\n\t\t<\/div>\n\t\t\t\t\t<\/div>\n\t\t<\/section>\n\t\t\t\t<\/div>\n\t\t","protected":false},"excerpt":{"rendered":"<p>DESARROLLO iOS Crear aplicaci\u00f3n para iOS Desarrollo de aplicaciones iOS por Pinch iOS es el sistema operativo m\u00e1s popular en smartphones despu\u00e9s de Android y es conocido por su facilidad de uso. Juntos tienen casi el 100% de cuota de mercado, por lo que solemos recomendar crear una app para ambas plataformas. En Pinch hemos [&hellip;]<\/p>\n","protected":false},"author":9,"featured_media":0,"parent":12487,"menu_order":0,"comment_status":"closed","ping_status":"closed","template":"elementor_header_footer","meta":{"_seopress_robots_primary_cat":"","_seopress_titles_title":"Crear aplicaci\u00f3n iOS | Desarrollo de aplicaciones para iOS por Pinch","_seopress_titles_desc":"\u00bfQuieres crear una aplicaci\u00f3n para iOS? Pinch ya ha desarrollado m\u00e1s de 100 aplicaciones de primera clase, incluidas Qmusic, De Telegraaf, NRC y Parkmobile | Desarrollo de apps iOS","_seopress_robots_index":"","footnotes":""},"class_list":["post-12485","page","type-page","status-publish","hentry"],"_links":{"self":[{"href":"https:\/\/pinch.nl\/es\/wp-json\/wp\/v2\/pages\/12485","targetHints":{"allow":["GET"]}}],"collection":[{"href":"https:\/\/pinch.nl\/es\/wp-json\/wp\/v2\/pages"}],"about":[{"href":"https:\/\/pinch.nl\/es\/wp-json\/wp\/v2\/types\/page"}],"author":[{"embeddable":true,"href":"https:\/\/pinch.nl\/es\/wp-json\/wp\/v2\/users\/9"}],"replies":[{"embeddable":true,"href":"https:\/\/pinch.nl\/es\/wp-json\/wp\/v2\/comments?post=12485"}],"version-history":[{"count":12,"href":"https:\/\/pinch.nl\/es\/wp-json\/wp\/v2\/pages\/12485\/revisions"}],"predecessor-version":[{"id":12872,"href":"https:\/\/pinch.nl\/es\/wp-json\/wp\/v2\/pages\/12485\/revisions\/12872"}],"up":[{"embeddable":true,"href":"https:\/\/pinch.nl\/es\/wp-json\/wp\/v2\/pages\/12487"}],"wp:attachment":[{"href":"https:\/\/pinch.nl\/es\/wp-json\/wp\/v2\/media?parent=12485"}],"curies":[{"name":"wp","href":"https:\/\/api.w.org\/{rel}","templated":true}]}}