{"id":12490,"date":"2021-10-13T08:56:01","date_gmt":"2021-10-13T08:56:01","guid":{"rendered":"https:\/\/pinch.nl\/app-laten-maken\/nieuws-app\/"},"modified":"2024-07-24T09:51:42","modified_gmt":"2024-07-24T08:51:42","slug":"nieuws-app","status":"publish","type":"page","link":"https:\/\/pinch.nl\/es\/app-laten-maken\/nieuws-app\/","title":{"rendered":"Crea tu aplicaci\u00f3n de noticias o multimedia | Desarrolladores de apps"},"content":{"rendered":"\t\t<div data-elementor-type=\"wp-page\" data-elementor-id=\"12490\" class=\"elementor elementor-12490 elementor-4387\" data-elementor-post-type=\"page\">\n\t\t\t\t\t\t<section class=\"elementor-section elementor-top-section elementor-element elementor-element-e7f7719 elementor-section-boxed elementor-section-height-default elementor-section-height-default\" data-id=\"e7f7719\" data-element_type=\"section\" data-e-type=\"section\" data-settings=\"{&quot;background_background&quot;:&quot;classic&quot;}\">\n\t\t\t\t\t\t\t<div class=\"elementor-background-overlay\"><\/div>\n\t\t\t\t\t\t\t<div class=\"elementor-container elementor-column-gap-default\">\n\t\t\t\t\t<div class=\"elementor-column elementor-col-100 elementor-top-column elementor-element elementor-element-0502330\" data-id=\"0502330\" data-element_type=\"column\" data-e-type=\"column\">\n\t\t\t<div class=\"elementor-widget-wrap elementor-element-populated\">\n\t\t\t\t\t\t<div class=\"elementor-element elementor-element-85d7b0c elementor-widget elementor-widget-heading\" data-id=\"85d7b0c\" data-element_type=\"widget\" data-e-type=\"widget\" data-widget_type=\"heading.default\">\n\t\t\t\t<div class=\"elementor-widget-container\">\n\t\t\t\t\t<h2 class=\"elementor-heading-title elementor-size-default\">Apps multimedia<\/h2>\t\t\t\t<\/div>\n\t\t\t\t<\/div>\n\t\t\t\t<div class=\"elementor-element elementor-element-cae3569 elementor-widget-divider--view-line elementor-widget elementor-widget-divider\" data-id=\"cae3569\" data-element_type=\"widget\" data-e-type=\"widget\" data-widget_type=\"divider.default\">\n\t\t\t\t<div class=\"elementor-widget-container\">\n\t\t\t\t\t\t\t<div class=\"elementor-divider\">\n\t\t\t<span class=\"elementor-divider-separator\">\n\t\t\t\t\t\t<\/span>\n\t\t<\/div>\n\t\t\t\t\t\t<\/div>\n\t\t\t\t<\/div>\n\t\t\t\t\t<\/div>\n\t\t<\/div>\n\t\t\t\t\t<\/div>\n\t\t<\/section>\n\t\t\t\t<section class=\"elementor-section elementor-top-section elementor-element elementor-element-220abba elementor-section-boxed elementor-section-height-default elementor-section-height-default\" data-id=\"220abba\" data-element_type=\"section\" data-e-type=\"section\">\n\t\t\t\t\t\t<div class=\"elementor-container elementor-column-gap-default\">\n\t\t\t\t\t<div class=\"elementor-column elementor-col-100 elementor-top-column elementor-element elementor-element-2db99e5\" data-id=\"2db99e5\" data-element_type=\"column\" data-e-type=\"column\">\n\t\t\t<div class=\"elementor-widget-wrap elementor-element-populated\">\n\t\t\t\t\t\t<div class=\"elementor-element elementor-element-5930daa elementor-widget elementor-widget-heading\" data-id=\"5930daa\" data-element_type=\"widget\" data-e-type=\"widget\" data-widget_type=\"heading.default\">\n\t\t\t\t<div class=\"elementor-widget-container\">\n\t\t\t\t\t<h2 class=\"elementor-heading-title elementor-size-default\">App de noticias<\/h2>\t\t\t\t<\/div>\n\t\t\t\t<\/div>\n\t\t\t\t<div class=\"elementor-element elementor-element-d54c874 elementor-widget elementor-widget-heading\" data-id=\"d54c874\" data-element_type=\"widget\" data-e-type=\"widget\" data-widget_type=\"heading.default\">\n\t\t\t\t<div class=\"elementor-widget-container\">\n\t\t\t\t\t<h1 class=\"elementor-heading-title elementor-size-default\">Crea tu aplicaci\u00f3n multimedia\/ noticias<\/h1>\t\t\t\t<\/div>\n\t\t\t\t<\/div>\n\t\t\t\t<div class=\"elementor-element elementor-element-01d8b31 elementor-widget elementor-widget-text-editor\" data-id=\"01d8b31\" data-element_type=\"widget\" data-e-type=\"widget\" data-widget_type=\"text-editor.default\">\n\t\t\t\t<div class=\"elementor-widget-container\">\n\t\t\t\t\t\t\t\t\t<p>Desarrollo de conceptos, perfeccionamiento del modelo de ingresos, experiencia de usuario, dise\u00f1o visual, desarrollo, ayuda con la comercializaci\u00f3n de una aplicaci\u00f3n, cuidados posteriores: crear una aplicaci\u00f3n multimedia de \u00e9xito implica mucho m\u00e1s que contar con buena programaci\u00f3n de base. <\/p>\n<p>Pinch ha desarrollado docenas de apps de noticias de \u00e9xito desde 2011, como la de <b>NRC<\/b><span style=\"font-weight: 400;\">, <\/span><b>De Telegraaf<\/b><span style=\"font-weight: 400;\"> y <\/span><b>De Standaard.<\/b><span style=\"font-weight: 400;\">. Un buen enfoque y la incorporaci\u00f3n de la experiencia adecuada garantizan las m\u00e1ximas posibilidades de \u00e9xito y gu\u00edan a las empresas multimedia desde la conceptualizaci\u00f3n hasta el lanzamiento y proceso posterior. <\/span><\/p>\n\t\t\t\t\t\t\t\t<\/div>\n\t\t\t\t<\/div>\n\t\t\t\t\t<\/div>\n\t\t<\/div>\n\t\t\t\t\t<\/div>\n\t\t<\/section>\n\t\t\t\t<section class=\"elementor-section elementor-top-section elementor-element elementor-element-736e9e8 elementor-section-boxed elementor-section-height-default elementor-section-height-default\" data-id=\"736e9e8\" data-element_type=\"section\" data-e-type=\"section\" data-settings=\"{&quot;background_background&quot;:&quot;classic&quot;}\">\n\t\t\t\t\t\t<div class=\"elementor-container elementor-column-gap-default\">\n\t\t\t\t\t<div class=\"elementor-column elementor-col-100 elementor-top-column elementor-element elementor-element-ef425f5\" data-id=\"ef425f5\" data-element_type=\"column\" data-e-type=\"column\">\n\t\t\t<div class=\"elementor-widget-wrap elementor-element-populated\">\n\t\t\t\t\t\t<div class=\"elementor-element elementor-element-0427ed3 elementor-widget elementor-widget-heading\" data-id=\"0427ed3\" data-element_type=\"widget\" data-e-type=\"widget\" data-widget_type=\"heading.default\">\n\t\t\t\t<div class=\"elementor-widget-container\">\n\t\t\t\t\t<h2 class=\"elementor-heading-title elementor-size-default\">CASOS<\/h2>\t\t\t\t<\/div>\n\t\t\t\t<\/div>\n\t\t\t\t<div class=\"elementor-element elementor-element-1e8253e elementor-widget elementor-widget-heading\" data-id=\"1e8253e\" data-element_type=\"widget\" data-e-type=\"widget\" data-widget_type=\"heading.default\">\n\t\t\t\t<div class=\"elementor-widget-container\">\n\t\t\t\t\t<h2 class=\"elementor-heading-title elementor-size-default\">Aspectos destacados de nuestros proyectos de aplicaciones multimedia y noticias<\/h2>\t\t\t\t<\/div>\n\t\t\t\t<\/div>\n\t\t\t\t\t<\/div>\n\t\t<\/div>\n\t\t\t\t\t<\/div>\n\t\t<\/section>\n\t\t\t\t<section class=\"elementor-section elementor-top-section elementor-element elementor-element-f905ac6 elementor-section-boxed elementor-section-height-default elementor-section-height-default\" data-id=\"f905ac6\" data-element_type=\"section\" data-e-type=\"section\" data-settings=\"{&quot;background_background&quot;:&quot;classic&quot;}\">\n\t\t\t\t\t\t<div class=\"elementor-container elementor-column-gap-default\">\n\t\t\t\t\t<div class=\"elementor-column elementor-col-100 elementor-top-column elementor-element elementor-element-766b3cc\" data-id=\"766b3cc\" data-element_type=\"column\" data-e-type=\"column\">\n\t\t\t<div class=\"elementor-widget-wrap elementor-element-populated\">\n\t\t\t\t\t\t<div class=\"elementor-element elementor-element-30340a1 elementor-align-center elementor-widget elementor-widget-button\" data-id=\"30340a1\" data-element_type=\"widget\" data-e-type=\"widget\" data-widget_type=\"button.default\">\n\t\t\t\t<div class=\"elementor-widget-container\">\n\t\t\t\t\t\t\t\t\t<div class=\"elementor-button-wrapper\">\n\t\t\t\t\t<a class=\"elementor-button elementor-button-link elementor-size-sm\" href=\"https:\/\/pinch.nl\/es\/cases\/\">\n\t\t\t\t\t\t<span class=\"elementor-button-content-wrapper\">\n\t\t\t\t\t\t\t\t\t<span class=\"elementor-button-text\">Ver todos los proyectos<\/span>\n\t\t\t\t\t<\/span>\n\t\t\t\t\t<\/a>\n\t\t\t\t<\/div>\n\t\t\t\t\t\t\t\t<\/div>\n\t\t\t\t<\/div>\n\t\t\t\t\t<\/div>\n\t\t<\/div>\n\t\t\t\t\t<\/div>\n\t\t<\/section>\n\t\t\t\t<section class=\"elementor-section elementor-top-section elementor-element elementor-element-e5ee0b8 elementor-section-boxed elementor-section-height-default elementor-section-height-default\" data-id=\"e5ee0b8\" data-element_type=\"section\" data-e-type=\"section\" data-settings=\"{&quot;background_background&quot;:&quot;classic&quot;}\">\n\t\t\t\t\t\t<div class=\"elementor-container elementor-column-gap-default\">\n\t\t\t\t\t<div class=\"elementor-column elementor-col-100 elementor-top-column elementor-element elementor-element-7cf3ccc\" data-id=\"7cf3ccc\" data-element_type=\"column\" data-e-type=\"column\">\n\t\t\t<div class=\"elementor-widget-wrap elementor-element-populated\">\n\t\t\t\t\t\t<div class=\"elementor-element elementor-element-b927da4 elementor-widget elementor-widget-heading\" data-id=\"b927da4\" data-element_type=\"widget\" data-e-type=\"widget\" data-widget_type=\"heading.default\">\n\t\t\t\t<div class=\"elementor-widget-container\">\n\t\t\t\t\t<h4 class=\"elementor-heading-title elementor-size-default\">Concepto<\/h4>\t\t\t\t<\/div>\n\t\t\t\t<\/div>\n\t\t\t\t<div class=\"elementor-element elementor-element-5e98bd3 elementor-widget elementor-widget-heading\" data-id=\"5e98bd3\" data-element_type=\"widget\" data-e-type=\"widget\" data-widget_type=\"heading.default\">\n\t\t\t\t<div class=\"elementor-widget-container\">\n\t\t\t\t\t<h2 class=\"elementor-heading-title elementor-size-default\">Un buen concepto es la base.<\/h2>\t\t\t\t<\/div>\n\t\t\t\t<\/div>\n\t\t\t\t<div class=\"elementor-element elementor-element-a5ab31f elementor-widget elementor-widget-text-editor\" data-id=\"a5ab31f\" data-element_type=\"widget\" data-e-type=\"widget\" data-widget_type=\"text-editor.default\">\n\t\t\t\t<div class=\"elementor-widget-container\">\n\t\t\t\t\t\t\t\t\t<p>Una aplicaci\u00f3n exitosa comienza con un concepto nuevo y bueno. Pinch tiene mucha experiencia con los diferentes tipos de aplicaciones de noticias, como los newsfeed, e-paper y feedpaper. Gracias a nuestro profundo conocimiento del mercado, tambi\u00e9n podemos asesorarte sobre el mejor modelo de ingresos para tu aplicaci\u00f3n multimedia. <\/p>\n<p>\u00bfFunciona mejor una app de pago, un modelo de suscripci\u00f3n, freemium, publicidad o patrocinio para el concepto de tu aplicaci\u00f3n y tu grupo objetivo? En la pr\u00e1ctica, solemos aplicar una combinaci\u00f3n de estos modelos.<\/p>\n\t\t\t\t\t\t\t\t<\/div>\n\t\t\t\t<\/div>\n\t\t\t\t\t<\/div>\n\t\t<\/div>\n\t\t\t\t\t<\/div>\n\t\t<\/section>\n\t\t\t\t<section class=\"elementor-section elementor-top-section elementor-element elementor-element-0142dba elementor-section-boxed elementor-section-height-default elementor-section-height-default\" data-id=\"0142dba\" data-element_type=\"section\" data-e-type=\"section\" data-settings=\"{&quot;background_background&quot;:&quot;classic&quot;}\">\n\t\t\t\t\t\t<div class=\"elementor-container elementor-column-gap-default\">\n\t\t\t\t\t<div class=\"elementor-column elementor-col-50 elementor-top-column elementor-element elementor-element-aa9afb3\" data-id=\"aa9afb3\" data-element_type=\"column\" data-e-type=\"column\">\n\t\t\t<div class=\"elementor-widget-wrap elementor-element-populated\">\n\t\t\t\t\t\t<div class=\"elementor-element elementor-element-8500011 elementor-widget elementor-widget-image\" data-id=\"8500011\" data-element_type=\"widget\" data-e-type=\"widget\" data-widget_type=\"image.default\">\n\t\t\t\t<div class=\"elementor-widget-container\">\n\t\t\t\t\t\t\t\t\t\t\t\t\t\t\t<img decoding=\"async\" width=\"51\" height=\"51\" src=\"https:\/\/pinch.nl\/wp-content\/uploads\/2023\/06\/in-house-symbol-1.png\" class=\"attachment-large size-large wp-image-12794\" alt=\"Pinch App development - Stappenplan\" \/>\t\t\t\t\t\t\t\t\t\t\t\t\t\t\t<\/div>\n\t\t\t\t<\/div>\n\t\t\t\t<div class=\"elementor-element elementor-element-7814e22 elementor-widget elementor-widget-heading\" data-id=\"7814e22\" data-element_type=\"widget\" data-e-type=\"widget\" data-widget_type=\"heading.default\">\n\t\t\t\t<div class=\"elementor-widget-container\">\n\t\t\t\t\t<h2 class=\"elementor-heading-title elementor-size-default\">Nuestro plan de 12 pasos<\/h2>\t\t\t\t<\/div>\n\t\t\t\t<\/div>\n\t\t\t\t<div class=\"elementor-element elementor-element-52dda55 elementor-widget elementor-widget-text-editor\" data-id=\"52dda55\" data-element_type=\"widget\" data-e-type=\"widget\" data-widget_type=\"text-editor.default\">\n\t\t\t\t<div class=\"elementor-widget-container\">\n\t\t\t\t\t\t\t\t\t<p>Cuando tienes una aplicaci\u00f3n para tu peri\u00f3dico o revista desarrollada por Pinch, eso significa trabajar estrechamente con nuestro equipo de especialistas entusiastas. Un director de proyecto permanente gestiona tanto el proceso de desarrollo como la comunicaci\u00f3n entre el cliente y nuestros desarrolladores y dise\u00f1adores. Pinch trabaja siempre de forma \u00e1gil y seg\u00fan un plan fijo de doce pasos.<\/p>\n\t\t\t\t\t\t\t\t<\/div>\n\t\t\t\t<\/div>\n\t\t\t\t\t<\/div>\n\t\t<\/div>\n\t\t\t\t<div class=\"elementor-column elementor-col-50 elementor-top-column elementor-element elementor-element-49025ec\" data-id=\"49025ec\" data-element_type=\"column\" data-e-type=\"column\">\n\t\t\t<div class=\"elementor-widget-wrap elementor-element-populated\">\n\t\t\t\t\t\t<div class=\"elementor-element elementor-element-6bd890e elementor-widget elementor-widget-image\" data-id=\"6bd890e\" data-element_type=\"widget\" data-e-type=\"widget\" data-widget_type=\"image.default\">\n\t\t\t\t<div class=\"elementor-widget-container\">\n\t\t\t\t\t\t\t\t\t\t\t\t\t\t\t<img decoding=\"async\" width=\"51\" height=\"51\" src=\"https:\/\/pinch.nl\/wp-content\/uploads\/2023\/06\/in-house-symbol-copy-2.png\" class=\"attachment-large size-large wp-image-12793\" alt=\"Pinch App development - Stappenplan\" \/>\t\t\t\t\t\t\t\t\t\t\t\t\t\t\t<\/div>\n\t\t\t\t<\/div>\n\t\t\t\t<div class=\"elementor-element elementor-element-a70af30 elementor-widget elementor-widget-heading\" data-id=\"a70af30\" data-element_type=\"widget\" data-e-type=\"widget\" data-widget_type=\"heading.default\">\n\t\t\t\t<div class=\"elementor-widget-container\">\n\t\t\t\t\t<h2 class=\"elementor-heading-title elementor-size-default\">Nuestros conocimientos<\/h2>\t\t\t\t<\/div>\n\t\t\t\t<\/div>\n\t\t\t\t<div class=\"elementor-element elementor-element-2b08fbc elementor-widget elementor-widget-text-editor\" data-id=\"2b08fbc\" data-element_type=\"widget\" data-e-type=\"widget\" data-widget_type=\"text-editor.default\">\n\t\t\t\t<div class=\"elementor-widget-container\">\n\t\t\t\t\t\t\t\t\t<p>Crear una buena aplicaci\u00f3n es m\u00e1s que desarrollar la tecnolog\u00eda. Te guiamos desde el concepto hasta el lanzamiento para garantizar que tu aplicaci\u00f3n sea un \u00e9xito. Esto lo hacemos identificando qui\u00e9n es el grupo objetivo, qu\u00e9 problema resuelve la aplicaci\u00f3n y qu\u00e9 funcionalidades se necesitan. \u00bfTienes curiosidad por saber c\u00f3mo lo hacemos en Pinch? L\u00e9elo en nuestro m\u00e9todo de trabajo.<\/p>\n\t\t\t\t\t\t\t\t<\/div>\n\t\t\t\t<\/div>\n\t\t\t\t\t<\/div>\n\t\t<\/div>\n\t\t\t\t\t<\/div>\n\t\t<\/section>\n\t\t\t\t<section class=\"elementor-section elementor-top-section elementor-element elementor-element-bf28438 elementor-section-boxed elementor-section-height-default elementor-section-height-default\" data-id=\"bf28438\" data-element_type=\"section\" data-e-type=\"section\" data-settings=\"{&quot;background_background&quot;:&quot;classic&quot;}\">\n\t\t\t\t\t\t<div class=\"elementor-container elementor-column-gap-default\">\n\t\t\t\t\t<div class=\"elementor-column elementor-col-100 elementor-top-column elementor-element elementor-element-2425ca1\" data-id=\"2425ca1\" data-element_type=\"column\" data-e-type=\"column\" data-settings=\"{&quot;background_background&quot;:&quot;classic&quot;}\">\n\t\t\t<div class=\"elementor-widget-wrap elementor-element-populated\">\n\t\t\t\t\t\t<div class=\"elementor-element elementor-element-6c464b1 elementor-widget elementor-widget-heading\" data-id=\"6c464b1\" data-element_type=\"widget\" data-e-type=\"widget\" data-widget_type=\"heading.default\">\n\t\t\t\t<div class=\"elementor-widget-container\">\n\t\t\t\t\t<h2 class=\"elementor-heading-title elementor-size-default\">Desarrollar una app con Pinch<\/h2>\t\t\t\t<\/div>\n\t\t\t\t<\/div>\n\t\t\t\t<div class=\"elementor-element elementor-element-c6c3025 elementor-widget elementor-widget-text-editor\" data-id=\"c6c3025\" data-element_type=\"widget\" data-e-type=\"widget\" data-widget_type=\"text-editor.default\">\n\t\t\t\t<div class=\"elementor-widget-container\">\n\t\t\t\t\t\t\t\t\t<p><a href=\"https:\/\/pinch.nl\/es\/app-ontwikkelen\/\"><span style=\"font-weight: 400;\">Desarrollar una aplicaci\u00f3n<\/span><\/a> <span style=\"font-weight: 400;\">con Pinch significa que co-creas una aplicaci\u00f3n con un equipo de desarrolladores, dise\u00f1adores y otros profesionales igual de entusiastas y expertos. Un director de proyecto permanente mantiene el control durante el proceso de desarrollo. Sobre el proceso y la comunicaci\u00f3n entre el cliente, por un lado, y los creadores de la aplicaci\u00f3n que trabajan en la aplicaci\u00f3n todos los d\u00edas, por el otro. Nuestro enfoque con servicio completo es \u00fanico en el mercado. Desarrollo de conceptos, estrategia, dise\u00f1o visual y de interacci\u00f3n, desarrollo t\u00e9cnico, control de calidad, pruebas, lanzamiento, seguimiento, an\u00e1lisis y desarrollo posterior: los expertos de Pinch te ayudar\u00e1n en todas estas \u00e1reas.<\/span><\/p>\n\t\t\t\t\t\t\t\t<\/div>\n\t\t\t\t<\/div>\n\t\t\t\t\t<\/div>\n\t\t<\/div>\n\t\t\t\t\t<\/div>\n\t\t<\/section>\n\t\t\t\t<section class=\"elementor-section elementor-top-section elementor-element elementor-element-f2eda04 elementor-section-boxed elementor-section-height-default elementor-section-height-default\" data-id=\"f2eda04\" data-element_type=\"section\" data-e-type=\"section\" data-settings=\"{&quot;background_background&quot;:&quot;classic&quot;}\">\n\t\t\t\t\t\t<div class=\"elementor-container elementor-column-gap-default\">\n\t\t\t\t\t<div class=\"elementor-column elementor-col-100 elementor-top-column elementor-element elementor-element-89df9c0\" data-id=\"89df9c0\" data-element_type=\"column\" data-e-type=\"column\" data-settings=\"{&quot;background_background&quot;:&quot;classic&quot;}\">\n\t\t\t<div class=\"elementor-widget-wrap elementor-element-populated\">\n\t\t\t\t\t\t<div class=\"elementor-element elementor-element-5076e05 elementor-widget elementor-widget-spacer\" data-id=\"5076e05\" data-element_type=\"widget\" data-e-type=\"widget\" data-widget_type=\"spacer.default\">\n\t\t\t\t<div class=\"elementor-widget-container\">\n\t\t\t\t\t\t\t<div class=\"elementor-spacer\">\n\t\t\t<div class=\"elementor-spacer-inner\"><\/div>\n\t\t<\/div>\n\t\t\t\t\t\t<\/div>\n\t\t\t\t<\/div>\n\t\t\t\t\t<\/div>\n\t\t<\/div>\n\t\t\t\t\t<\/div>\n\t\t<\/section>\n\t\t\t\t<section class=\"elementor-section elementor-top-section elementor-element elementor-element-afa71a4 elementor-section-boxed elementor-section-height-default elementor-section-height-default\" data-id=\"afa71a4\" data-element_type=\"section\" data-e-type=\"section\" data-settings=\"{&quot;background_background&quot;:&quot;classic&quot;}\">\n\t\t\t\t\t\t<div class=\"elementor-container elementor-column-gap-default\">\n\t\t\t\t\t<div class=\"elementor-column elementor-col-100 elementor-top-column elementor-element elementor-element-9ce2dfd\" data-id=\"9ce2dfd\" data-element_type=\"column\" data-e-type=\"column\">\n\t\t\t<div class=\"elementor-widget-wrap elementor-element-populated\">\n\t\t\t\t\t\t<div class=\"elementor-element elementor-element-618580a elementor-widget elementor-widget-heading\" data-id=\"618580a\" data-element_type=\"widget\" data-e-type=\"widget\" data-widget_type=\"heading.default\">\n\t\t\t\t<div class=\"elementor-widget-container\">\n\t\t\t\t\t<h2 class=\"elementor-heading-title elementor-size-default\">Sobre Pinch<\/h2>\t\t\t\t<\/div>\n\t\t\t\t<\/div>\n\t\t\t\t<div class=\"elementor-element elementor-element-a45e17c elementor-widget elementor-widget-text-editor\" data-id=\"a45e17c\" data-element_type=\"widget\" data-e-type=\"widget\" data-widget_type=\"text-editor.default\">\n\t\t\t\t<div class=\"elementor-widget-container\">\n\t\t\t\t\t\t\t\t\t<p>Pinch es una reconocida agencia de <a href=\"https:\/\/pinch.nl\/es\/app-development\/\">desarrollo m\u00f3vil<\/a> con oficinas en \u00c1msterdam y M\u00e1laga. Desde nuestra fundaci\u00f3n en 2011, hemos desarrollado m\u00e1s de 100 apps, incluidas las de empresas como <a href=\"https:\/\/pinch.nl\/nrc-media\/\">NRC<\/a>, <a href=\"https:\/\/pinch.nl\/projecten-de-telegraaf\/\">De Telegraaf<\/a>, Albert Heijn, Takeaway.com, Parkmobile y QWIC. Por lo general, tenemos una gran huella en apps para <a href=\"https:\/\/pinch.nl\/es\/app-laten-maken\/nieuws-app\/\">medios de comunicaci\u00f3n<\/a> y <a href=\"https:\/\/pinch.nl\/es\/app-voor-uitgeverijen\/\">publicaciones<\/a>, pero tambi\u00e9n nos centramos en industrias como la <a href=\"https:\/\/pinch.nl\/es\/mobiliteits-app-laten-maken\/\">movilidad<\/a>, la <a href=\"https:\/\/pinch.nl\/es\/fintech-app-laten-maken\/\">tecnolog\u00eda financiera<\/a>, la <a href=\"https:\/\/pinch.nl\/es\/zorg-app\/\">atenci\u00f3n sanitaria<\/a> y el <a href=\"https:\/\/pinch.nl\/es\/app-voor-m-commerce\/\">comercio m\u00f3vil<\/a>. Adem\u00e1s de apps Android de primera clase, en Pinch tambi\u00e9n creamos apps <a href=\"https:\/\/pinch.nl\/es\/app-laten-maken\/ios-app\/\">iOS<\/a> y <a href=\"https:\/\/pinch.nl\/es\/app-laten-maken\/flutter-app-laten-maken\/\">Flutter<\/a>. <\/p>\n\t\t\t\t\t\t\t\t<\/div>\n\t\t\t\t<\/div>\n\t\t\t\t\t<\/div>\n\t\t<\/div>\n\t\t\t\t\t<\/div>\n\t\t<\/section>\n\t\t\t\t<\/div>\n\t\t","protected":false},"excerpt":{"rendered":"<p>Apps multimedia App de noticias Crea tu aplicaci\u00f3n multimedia\/ noticias Desarrollo de conceptos, perfeccionamiento del modelo de ingresos, experiencia de usuario, dise\u00f1o visual, desarrollo, ayuda con la comercializaci\u00f3n de una aplicaci\u00f3n, cuidados posteriores: crear una aplicaci\u00f3n multimedia de \u00e9xito implica mucho m\u00e1s que contar con buena programaci\u00f3n de base. Pinch ha desarrollado docenas de apps [&hellip;]<\/p>\n","protected":false},"author":9,"featured_media":0,"parent":12487,"menu_order":0,"comment_status":"closed","ping_status":"closed","template":"elementor_header_footer","meta":{"_seopress_robots_primary_cat":"","_seopress_titles_title":"Pinch | Desarrolla una app de noticias | Crea una aplicaci\u00f3n multimedia","_seopress_titles_desc":"Crear una aplicaci\u00f3n de noticias exitosa implica mucho m\u00e1s que contar con una buena programaci\u00f3n.","_seopress_robots_index":"","footnotes":""},"class_list":["post-12490","page","type-page","status-publish","hentry"],"_links":{"self":[{"href":"https:\/\/pinch.nl\/es\/wp-json\/wp\/v2\/pages\/12490","targetHints":{"allow":["GET"]}}],"collection":[{"href":"https:\/\/pinch.nl\/es\/wp-json\/wp\/v2\/pages"}],"about":[{"href":"https:\/\/pinch.nl\/es\/wp-json\/wp\/v2\/types\/page"}],"author":[{"embeddable":true,"href":"https:\/\/pinch.nl\/es\/wp-json\/wp\/v2\/users\/9"}],"replies":[{"embeddable":true,"href":"https:\/\/pinch.nl\/es\/wp-json\/wp\/v2\/comments?post=12490"}],"version-history":[{"count":9,"href":"https:\/\/pinch.nl\/es\/wp-json\/wp\/v2\/pages\/12490\/revisions"}],"predecessor-version":[{"id":13059,"href":"https:\/\/pinch.nl\/es\/wp-json\/wp\/v2\/pages\/12490\/revisions\/13059"}],"up":[{"embeddable":true,"href":"https:\/\/pinch.nl\/es\/wp-json\/wp\/v2\/pages\/12487"}],"wp:attachment":[{"href":"https:\/\/pinch.nl\/es\/wp-json\/wp\/v2\/media?parent=12490"}],"curies":[{"name":"wp","href":"https:\/\/api.w.org\/{rel}","templated":true}]}}