{"id":12505,"date":"2023-05-16T14:11:21","date_gmt":"2023-05-16T13:11:21","guid":{"rendered":"https:\/\/pinch.nl\/concept-creatie\/"},"modified":"2024-08-12T09:44:00","modified_gmt":"2024-08-12T08:44:00","slug":"concept-creatie","status":"publish","type":"page","link":"https:\/\/pinch.nl\/es\/concept-creatie\/","title":{"rendered":"Concepto y Creaci\u00f3n"},"content":{"rendered":"\t\t<div data-elementor-type=\"wp-page\" data-elementor-id=\"12505\" class=\"elementor elementor-12505 elementor-7918\" data-elementor-post-type=\"page\">\n\t\t\t\t\t\t<section class=\"elementor-section elementor-top-section elementor-element elementor-element-f12e2e2 elementor-section-boxed elementor-section-height-default elementor-section-height-default\" data-id=\"f12e2e2\" data-element_type=\"section\" data-e-type=\"section\" data-settings=\"{&quot;background_background&quot;:&quot;classic&quot;}\">\n\t\t\t\t\t\t\t<div class=\"elementor-background-overlay\"><\/div>\n\t\t\t\t\t\t\t<div class=\"elementor-container elementor-column-gap-default\">\n\t\t\t\t\t<div class=\"elementor-column elementor-col-100 elementor-top-column elementor-element elementor-element-808701e\" data-id=\"808701e\" data-element_type=\"column\" data-e-type=\"column\">\n\t\t\t<div class=\"elementor-widget-wrap elementor-element-populated\">\n\t\t\t\t\t\t<div class=\"elementor-element elementor-element-6576e82 elementor-widget elementor-widget-heading\" data-id=\"6576e82\" data-element_type=\"widget\" data-e-type=\"widget\" data-widget_type=\"heading.default\">\n\t\t\t\t<div class=\"elementor-widget-container\">\n\t\t\t\t\t<h2 class=\"elementor-heading-title elementor-size-default\">Concepto y Creaci\u00f3n<\/h2>\t\t\t\t<\/div>\n\t\t\t\t<\/div>\n\t\t\t\t<div class=\"elementor-element elementor-element-e94e301 elementor-widget-divider--view-line elementor-widget elementor-widget-divider\" data-id=\"e94e301\" data-element_type=\"widget\" data-e-type=\"widget\" data-widget_type=\"divider.default\">\n\t\t\t\t<div class=\"elementor-widget-container\">\n\t\t\t\t\t\t\t<div class=\"elementor-divider\">\n\t\t\t<span class=\"elementor-divider-separator\">\n\t\t\t\t\t\t<\/span>\n\t\t<\/div>\n\t\t\t\t\t\t<\/div>\n\t\t\t\t<\/div>\n\t\t\t\t\t<\/div>\n\t\t<\/div>\n\t\t\t\t\t<\/div>\n\t\t<\/section>\n\t\t\t\t<section class=\"elementor-section elementor-top-section elementor-element elementor-element-8758e7f elementor-section-boxed elementor-section-height-default elementor-section-height-default\" data-id=\"8758e7f\" data-element_type=\"section\" data-e-type=\"section\">\n\t\t\t\t\t\t<div class=\"elementor-container elementor-column-gap-default\">\n\t\t\t\t\t<div class=\"elementor-column elementor-col-100 elementor-top-column elementor-element elementor-element-ffa900b\" data-id=\"ffa900b\" data-element_type=\"column\" data-e-type=\"column\">\n\t\t\t<div class=\"elementor-widget-wrap elementor-element-populated\">\n\t\t\t\t\t\t<div class=\"elementor-element elementor-element-941e21d elementor-widget elementor-widget-spacer\" data-id=\"941e21d\" data-element_type=\"widget\" data-e-type=\"widget\" data-widget_type=\"spacer.default\">\n\t\t\t\t<div class=\"elementor-widget-container\">\n\t\t\t\t\t\t\t<div class=\"elementor-spacer\">\n\t\t\t<div class=\"elementor-spacer-inner\"><\/div>\n\t\t<\/div>\n\t\t\t\t\t\t<\/div>\n\t\t\t\t<\/div>\n\t\t\t\t<div class=\"elementor-element elementor-element-2ef65c8 elementor-widget elementor-widget-heading\" data-id=\"2ef65c8\" data-element_type=\"widget\" data-e-type=\"widget\" data-widget_type=\"heading.default\">\n\t\t\t\t<div class=\"elementor-widget-container\">\n\t\t\t\t\t<h2 class=\"elementor-heading-title elementor-size-default\">Desarrollo de Apps<\/h2>\t\t\t\t<\/div>\n\t\t\t\t<\/div>\n\t\t\t\t<div class=\"elementor-element elementor-element-99b8d24 elementor-widget elementor-widget-heading\" data-id=\"99b8d24\" data-element_type=\"widget\" data-e-type=\"widget\" data-widget_type=\"heading.default\">\n\t\t\t\t<div class=\"elementor-widget-container\">\n\t\t\t\t\t<h1 class=\"elementor-heading-title elementor-size-default\">Concepto y creaci\u00f3n<\/h1>\t\t\t\t<\/div>\n\t\t\t\t<\/div>\n\t\t\t\t<div class=\"elementor-element elementor-element-af7f263 elementor-widget elementor-widget-text-editor\" data-id=\"af7f263\" data-element_type=\"widget\" data-e-type=\"widget\" data-widget_type=\"text-editor.default\">\n\t\t\t\t<div class=\"elementor-widget-container\">\n\t\t\t\t\t\t\t\t\tSin un concepto solido y una estrategia sofisticada, tu aplicaci\u00f3n nunca puede ser un \u00e9xito. Pinch ha estado construyendo aplicaciones de primera desde 2011, nuestros clientes recurrentes son marcas como Qmusic, De Telegraaf y NRC. Nos gusta pensar cr\u00edticamente sobre el concepto y la estrategia. Con nuestro paso de \u00abdescubrimiento\u00bb, ofrecemos un proceso de concepto y estrategia extenso y profundo, que incluye la creaci\u00f3n de prototipos y pruebas de usuario. \t\t\t\t\t\t\t\t<\/div>\n\t\t\t\t<\/div>\n\t\t\t\t\t<\/div>\n\t\t<\/div>\n\t\t\t\t\t<\/div>\n\t\t<\/section>\n\t\t\t\t<section class=\"elementor-section elementor-top-section elementor-element elementor-element-a305699 elementor-section-boxed elementor-section-height-default elementor-section-height-default\" data-id=\"a305699\" data-element_type=\"section\" data-e-type=\"section\">\n\t\t\t\t\t\t<div class=\"elementor-container elementor-column-gap-default\">\n\t\t\t\t\t<div class=\"elementor-column elementor-col-33 elementor-top-column elementor-element elementor-element-df671e4\" data-id=\"df671e4\" data-element_type=\"column\" data-e-type=\"column\">\n\t\t\t<div class=\"elementor-widget-wrap elementor-element-populated\">\n\t\t\t\t\t\t<div class=\"elementor-element elementor-element-6f31c48 elementor-widget elementor-widget-image\" data-id=\"6f31c48\" data-element_type=\"widget\" data-e-type=\"widget\" data-widget_type=\"image.default\">\n\t\t\t\t<div class=\"elementor-widget-container\">\n\t\t\t\t\t\t\t\t\t\t\t\t\t\t\t<img fetchpriority=\"high\" decoding=\"async\" width=\"800\" height=\"800\" src=\"https:\/\/pinch.nl\/wp-content\/uploads\/2022\/02\/Greenflux-1-1024x1024.png\" class=\"attachment-large size-large wp-image-7246\" alt=\"\" srcset=\"https:\/\/pinch.nl\/wp-content\/uploads\/2022\/02\/Greenflux-1-1024x1024.png 1024w, https:\/\/pinch.nl\/wp-content\/uploads\/2022\/02\/Greenflux-1-300x300.png 300w, https:\/\/pinch.nl\/wp-content\/uploads\/2022\/02\/Greenflux-1-150x150.png 150w, https:\/\/pinch.nl\/wp-content\/uploads\/2022\/02\/Greenflux-1-768x768.png 768w, https:\/\/pinch.nl\/wp-content\/uploads\/2022\/02\/Greenflux-1.png 1040w\" sizes=\"(max-width: 800px) 100vw, 800px\" \/>\t\t\t\t\t\t\t\t\t\t\t\t\t\t\t<\/div>\n\t\t\t\t<\/div>\n\t\t\t\t\t<\/div>\n\t\t<\/div>\n\t\t\t\t<div class=\"elementor-column elementor-col-66 elementor-top-column elementor-element elementor-element-bf9d77e\" data-id=\"bf9d77e\" data-element_type=\"column\" data-e-type=\"column\">\n\t\t\t<div class=\"elementor-widget-wrap elementor-element-populated\">\n\t\t\t\t\t\t<div class=\"elementor-element elementor-element-61b960f elementor-widget elementor-widget-heading\" data-id=\"61b960f\" data-element_type=\"widget\" data-e-type=\"widget\" data-widget_type=\"heading.default\">\n\t\t\t\t<div class=\"elementor-widget-container\">\n\t\t\t\t\t<h2 class=\"elementor-heading-title elementor-size-default\">Una buena base <\/h2>\t\t\t\t<\/div>\n\t\t\t\t<\/div>\n\t\t\t\t<div class=\"elementor-element elementor-element-1e401b8 elementor-widget elementor-widget-text-editor\" data-id=\"1e401b8\" data-element_type=\"widget\" data-e-type=\"widget\" data-widget_type=\"text-editor.default\">\n\t\t\t\t<div class=\"elementor-widget-container\">\n\t\t\t\t\t\t\t\t\t<p>Un buen concepto y una estrategia bien hilada no solo son cruciales para poder desarrollar una app que coincida con el grupo objetivo, proporcione las necesidades reales y es distintiva en relaci\u00f3n con las apps de la competencia. Pero tambi\u00e9n para crear una mejor experiencia de usuario, tomar la mejor elecci\u00f3n de la plataforma y poder determinar el alcance y trazar una estrategia de marketing inteligente.<\/p>\n<p>Un buen concepto y una estrategia reflexiva son cruciales para el \u00e9xito final de cualquier plataforma m\u00f3vil. Donde puede recuperar errores con relativa facilidad al codificar, es muy dif\u00edcil mejorar un concepto insuficientemente reflexivo. Sin embargo, m\u00e1s empresas deber\u00edan y tienen que prestar m\u00e1s atenci\u00f3n a esto. <\/p>\n\t\t\t\t\t\t\t\t<\/div>\n\t\t\t\t<\/div>\n\t\t\t\t<div class=\"elementor-element elementor-element-ac14ec5 elementor-align-left elementor-widget elementor-widget-button\" data-id=\"ac14ec5\" data-element_type=\"widget\" data-e-type=\"widget\" data-widget_type=\"button.default\">\n\t\t\t\t<div class=\"elementor-widget-container\">\n\t\t\t\t\t\t\t\t\t<div class=\"elementor-button-wrapper\">\n\t\t\t\t\t<a class=\"elementor-button elementor-button-link elementor-size-sm\" href=\"https:\/\/pinch.nl\/es\/werkwijze\/\">\n\t\t\t\t\t\t<span class=\"elementor-button-content-wrapper\">\n\t\t\t\t\t\t\t\t\t<span class=\"elementor-button-text\">Ve nuestro m\u00e9todo de trabajo<\/span>\n\t\t\t\t\t<\/span>\n\t\t\t\t\t<\/a>\n\t\t\t\t<\/div>\n\t\t\t\t\t\t\t\t<\/div>\n\t\t\t\t<\/div>\n\t\t\t\t\t<\/div>\n\t\t<\/div>\n\t\t\t\t\t<\/div>\n\t\t<\/section>\n\t\t\t\t<\/div>\n\t\t","protected":false},"excerpt":{"rendered":"<p>Desarrollo de Apps Concepto y creaci\u00f3n Sin un concepto solido y una estrategia sofisticada, tu aplicaci\u00f3n nunca puede ser un \u00e9xito. Pinch ha estado construyendo aplicaciones de primera desde 2011, nuestros clientes recurrentes son marcas como Qmusic, De Telegraaf y NRC. Nos gusta pensar cr\u00edticamente sobre el concepto y la estrategia. Con nuestro paso de [&hellip;]<\/p>\n","protected":false},"author":9,"featured_media":0,"parent":0,"menu_order":0,"comment_status":"closed","ping_status":"closed","template":"elementor_header_footer","meta":{"_seopress_robots_primary_cat":"","_seopress_titles_title":"","_seopress_titles_desc":"","_seopress_robots_index":"","footnotes":""},"class_list":["post-12505","page","type-page","status-publish","hentry"],"_links":{"self":[{"href":"https:\/\/pinch.nl\/es\/wp-json\/wp\/v2\/pages\/12505","targetHints":{"allow":["GET"]}}],"collection":[{"href":"https:\/\/pinch.nl\/es\/wp-json\/wp\/v2\/pages"}],"about":[{"href":"https:\/\/pinch.nl\/es\/wp-json\/wp\/v2\/types\/page"}],"author":[{"embeddable":true,"href":"https:\/\/pinch.nl\/es\/wp-json\/wp\/v2\/users\/9"}],"replies":[{"embeddable":true,"href":"https:\/\/pinch.nl\/es\/wp-json\/wp\/v2\/comments?post=12505"}],"version-history":[{"count":4,"href":"https:\/\/pinch.nl\/es\/wp-json\/wp\/v2\/pages\/12505\/revisions"}],"predecessor-version":[{"id":13168,"href":"https:\/\/pinch.nl\/es\/wp-json\/wp\/v2\/pages\/12505\/revisions\/13168"}],"wp:attachment":[{"href":"https:\/\/pinch.nl\/es\/wp-json\/wp\/v2\/media?parent=12505"}],"curies":[{"name":"wp","href":"https:\/\/api.w.org\/{rel}","templated":true}]}}