{"id":12511,"date":"2021-09-24T10:14:13","date_gmt":"2021-09-24T10:14:13","guid":{"rendered":"https:\/\/pinch.nl\/cookiestatement\/"},"modified":"2024-08-07T10:04:08","modified_gmt":"2024-08-07T09:04:08","slug":"cookiestatement","status":"publish","type":"page","link":"https:\/\/pinch.nl\/es\/cookiestatement\/","title":{"rendered":"Declaraci\u00f3n de cookies"},"content":{"rendered":"\t\t<div data-elementor-type=\"wp-page\" data-elementor-id=\"12511\" class=\"elementor elementor-12511 elementor-4372\" data-elementor-post-type=\"page\">\n\t\t\t\t\t\t<section class=\"elementor-section elementor-top-section elementor-element elementor-element-fb8f945 elementor-section-boxed elementor-section-height-default elementor-section-height-default\" data-id=\"fb8f945\" data-element_type=\"section\" data-e-type=\"section\">\n\t\t\t\t\t\t<div class=\"elementor-container elementor-column-gap-default\">\n\t\t\t\t\t<div class=\"elementor-column elementor-col-100 elementor-top-column elementor-element elementor-element-2cb21b0\" data-id=\"2cb21b0\" data-element_type=\"column\" data-e-type=\"column\">\n\t\t\t<div class=\"elementor-widget-wrap elementor-element-populated\">\n\t\t\t\t\t\t<div class=\"elementor-element elementor-element-b1a68a7 elementor-widget elementor-widget-text-editor\" data-id=\"b1a68a7\" data-element_type=\"widget\" data-e-type=\"widget\" data-widget_type=\"text-editor.default\">\n\t\t\t\t<div class=\"elementor-widget-container\">\n\t\t\t\t\t\t\t\t\t<h1 class=\"p2\">Declaraci\u00f3n de cookies<\/h1>\n<p class=\"p4\"><b>\u00bfQu\u00e9 son las cookies?<\/b><\/p>\n<p class=\"p5\">Una cookie es un archivo peque\u00f1o (de texto) que nosotros, en Pinch, enviamos a tu navegador a trav\u00e9s del servidor de nuestra web. Tu navegador luego almacena el archivo en tu dispositivo. Tu dispositivo obtendr\u00e1 un n\u00famero \u00fanico, con el que nuestro sitio reconoce el dispositivo m\u00e1s adelante.<\/p>\n&nbsp;\n<p class=\"p4\"><b>\u00bfPor qu\u00e9 usamos cookies?<\/b><\/p>\n<p class=\"p5\">Las cookies garantizan que el sitio web sea r\u00e1pido y que pueda visitar nuestro sitio web de forma segura. Las cookies tambi\u00e9n garantizan que podamos ver c\u00f3mo se utiliza nuestra web y c\u00f3mo podemos mejorarla. Adem\u00e1s, se pueden utilizar cookies propias para mostrar anuncios que coincidan con tus intereses.<\/p>\n&nbsp;\n<p class=\"p4\"><b>\u00bfQu\u00e9 cookies usamos?<\/b><\/p>\n<p class=\"p6\"><b>Cookies funcionales<\/b><\/p>\n<p class=\"p6\">Estas cookies son necesarias para que el sitio web funcione. Sin estas cookies, algunas preferencias (como la configuraci\u00f3n del idioma) no se pueden almacenar.<\/p>\n<p class=\"p6\"><b>Google Analytics<\/b><\/p>\n<p class=\"p6\">Utilizamos Google Analytics para probar la calidad y la efectividad de nuestro sitio web. De esta manera, podemos ver c\u00f3mo se usa el sitio web y c\u00f3mo podemos mejorarlo. Hemos concluido un acuerdo de proceso con Google. Esto significa que Google no utilizar\u00e1 los datos recopilados por las cookies para sus propios fines.<\/p>\n<p class=\"p6\"><b>Cookies de seguimiento<\/b><\/p>\n<p class=\"p6\">Pedimos tu permiso para colocar cookies de seguimiento. Seg\u00fan las p\u00e1ginas que has visitado, podemos mostrarte anuncios que creemos que son interesantes para ti.<\/p>\n<p class=\"p6\"><b>Redes Sociales<\/b><\/p>\n<p class=\"p6\">En nuestra web hay links de Facebook, Twitter, LinkedIn y WhatsApp. Por ejemplo, con estos botones, las p\u00e1ginas se pueden compartir en las redes sociales. Recopilar plataformas de redes sociales a trav\u00e9s del c\u00f3digo de este bot\u00f3n de informaci\u00f3n, incluso antes de presionar el bot\u00f3n. No tenemos influencia en eso. Con estas cookies, las plataformas de redes sociales hacen posible que los anunciantes te encuentren. Lee regularmente la declaraci\u00f3n de privacidad de Facebook, Twitter, LinkedIn y WhatsApp para ver qu\u00e9 sucede con tus datos recopilados a trav\u00e9s de las cookies.<\/p>\n&nbsp;\n<p class=\"p4\"><b>\u00bfC\u00f3mo puedo ver, corregir o eliminar mis datos?<\/b><\/p>\n<p class=\"p9\">Puedes ver, corregir o eliminar tus datos personales. Env\u00eda un correo electr\u00f3nico a: info@pinch.nl.<\/p>\n&nbsp;\n<p class=\"p4\"><b>\u00bfC\u00f3mo puedo deshabilitar o eliminar cookies?<\/b><\/p>\n<p class=\"p5\">Siempre puedes eliminar o deshabilitar las cookies tu mismo a trav\u00e9s de la configuraci\u00f3n del navegador. Difiere por navegador c\u00f3mo puedes hacer esto, la mayor\u00eda de los navegadores explican esto en la funci\u00f3n de ayuda. No se almacenan m\u00e1s cookies cuando visitas nuestro sitio web. Pero ten cuidado: sin cookies, nuestra web puede funcionar peor. Adem\u00e1s, puedes elegir no dar permiso para colocar cookies<\/p>\t\t\t\t\t\t\t\t<\/div>\n\t\t\t\t<\/div>\n\t\t\t\t\t<\/div>\n\t\t<\/div>\n\t\t\t\t\t<\/div>\n\t\t<\/section>\n\t\t\t\t<\/div>\n\t\t","protected":false},"excerpt":{"rendered":"<p>Declaraci\u00f3n de cookies \u00bfQu\u00e9 son las cookies? Una cookie es un archivo peque\u00f1o (de texto) que nosotros, en Pinch, enviamos a tu navegador a trav\u00e9s del servidor de nuestra web. Tu navegador luego almacena el archivo en tu dispositivo. Tu dispositivo obtendr\u00e1 un n\u00famero \u00fanico, con el que nuestro sitio reconoce el dispositivo m\u00e1s adelante. [&hellip;]<\/p>\n","protected":false},"author":8,"featured_media":0,"parent":0,"menu_order":0,"comment_status":"closed","ping_status":"closed","template":"","meta":{"_seopress_robots_primary_cat":"","_seopress_titles_title":"","_seopress_titles_desc":"Las cookies garantizan que el sitio web sea r\u00e1pido y que puedas visitarlo de forma segura. Las cookies tambi\u00e9n garantizan que podamos ver c\u00f3mo se utiliza nuestra web y c\u00f3mo podemos mejorarla. Adem\u00e1s, se pueden utilizar cookies propias para mostrar anuncios que coincidan con sus intereses.","_seopress_robots_index":"","footnotes":""},"class_list":["post-12511","page","type-page","status-publish","hentry"],"_links":{"self":[{"href":"https:\/\/pinch.nl\/es\/wp-json\/wp\/v2\/pages\/12511","targetHints":{"allow":["GET"]}}],"collection":[{"href":"https:\/\/pinch.nl\/es\/wp-json\/wp\/v2\/pages"}],"about":[{"href":"https:\/\/pinch.nl\/es\/wp-json\/wp\/v2\/types\/page"}],"author":[{"embeddable":true,"href":"https:\/\/pinch.nl\/es\/wp-json\/wp\/v2\/users\/8"}],"replies":[{"embeddable":true,"href":"https:\/\/pinch.nl\/es\/wp-json\/wp\/v2\/comments?post=12511"}],"version-history":[{"count":2,"href":"https:\/\/pinch.nl\/es\/wp-json\/wp\/v2\/pages\/12511\/revisions"}],"predecessor-version":[{"id":13148,"href":"https:\/\/pinch.nl\/es\/wp-json\/wp\/v2\/pages\/12511\/revisions\/13148"}],"wp:attachment":[{"href":"https:\/\/pinch.nl\/es\/wp-json\/wp\/v2\/media?parent=12511"}],"curies":[{"name":"wp","href":"https:\/\/api.w.org\/{rel}","templated":true}]}}