{"id":12519,"date":"2022-07-08T18:57:55","date_gmt":"2022-07-08T17:57:55","guid":{"rendered":"https:\/\/pinch.nl\/mobiliteits-app-laten-maken\/"},"modified":"2025-08-06T14:38:12","modified_gmt":"2025-08-06T13:38:12","slug":"mobiliteits-app-laten-maken","status":"publish","type":"page","link":"https:\/\/pinch.nl\/es\/mobiliteits-app-laten-maken\/","title":{"rendered":"Mobiliteits-app laten maken"},"content":{"rendered":"\t\t<div data-elementor-type=\"wp-page\" data-elementor-id=\"12519\" class=\"elementor elementor-12519 elementor-6646\" data-elementor-post-type=\"page\">\n\t\t\t\t\t\t<section class=\"elementor-section elementor-top-section elementor-element elementor-element-b7f3fbf elementor-section-boxed elementor-section-height-default elementor-section-height-default\" data-id=\"b7f3fbf\" data-element_type=\"section\" data-e-type=\"section\" data-settings=\"{&quot;background_background&quot;:&quot;classic&quot;}\">\n\t\t\t\t\t\t\t<div class=\"elementor-background-overlay\"><\/div>\n\t\t\t\t\t\t\t<div class=\"elementor-container elementor-column-gap-default\">\n\t\t\t\t\t<div class=\"elementor-column elementor-col-100 elementor-top-column elementor-element elementor-element-db29f6d\" data-id=\"db29f6d\" data-element_type=\"column\" data-e-type=\"column\">\n\t\t\t<div class=\"elementor-widget-wrap elementor-element-populated\">\n\t\t\t\t\t\t<div class=\"elementor-element elementor-element-dc877f6 elementor-widget elementor-widget-heading\" data-id=\"dc877f6\" data-element_type=\"widget\" data-e-type=\"widget\" data-widget_type=\"heading.default\">\n\t\t\t\t<div class=\"elementor-widget-container\">\n\t\t\t\t\t<h2 class=\"elementor-heading-title elementor-size-default\">Mobiliteit apps<\/h2>\t\t\t\t<\/div>\n\t\t\t\t<\/div>\n\t\t\t\t<div class=\"elementor-element elementor-element-2327364 elementor-widget-divider--view-line elementor-widget elementor-widget-divider\" data-id=\"2327364\" data-element_type=\"widget\" data-e-type=\"widget\" data-widget_type=\"divider.default\">\n\t\t\t\t<div class=\"elementor-widget-container\">\n\t\t\t\t\t\t\t<div class=\"elementor-divider\">\n\t\t\t<span class=\"elementor-divider-separator\">\n\t\t\t\t\t\t<\/span>\n\t\t<\/div>\n\t\t\t\t\t\t<\/div>\n\t\t\t\t<\/div>\n\t\t\t\t\t<\/div>\n\t\t<\/div>\n\t\t\t\t\t<\/div>\n\t\t<\/section>\n\t\t\t\t<section class=\"elementor-section elementor-top-section elementor-element elementor-element-c62b745 elementor-section-boxed elementor-section-height-default elementor-section-height-default\" data-id=\"c62b745\" data-element_type=\"section\" data-e-type=\"section\">\n\t\t\t\t\t\t<div class=\"elementor-container elementor-column-gap-default\">\n\t\t\t\t\t<div class=\"elementor-column elementor-col-100 elementor-top-column elementor-element elementor-element-6ac81ac\" data-id=\"6ac81ac\" data-element_type=\"column\" data-e-type=\"column\">\n\t\t\t<div class=\"elementor-widget-wrap elementor-element-populated\">\n\t\t\t\t\t\t<div class=\"elementor-element elementor-element-660e1b9 elementor-widget elementor-widget-heading\" data-id=\"660e1b9\" data-element_type=\"widget\" data-e-type=\"widget\" data-widget_type=\"heading.default\">\n\t\t\t\t<div class=\"elementor-widget-container\">\n\t\t\t\t\t<h2 class=\"elementor-heading-title elementor-size-default\">SMART MOBILITY, MAAS- EN MOBILITEITS-APP\n<\/h2>\t\t\t\t<\/div>\n\t\t\t\t<\/div>\n\t\t\t\t<div class=\"elementor-element elementor-element-af86934 elementor-widget elementor-widget-heading\" data-id=\"af86934\" data-element_type=\"widget\" data-e-type=\"widget\" data-widget_type=\"heading.default\">\n\t\t\t\t<div class=\"elementor-widget-container\">\n\t\t\t\t\t<h1 class=\"elementor-heading-title elementor-size-default\">Mobiliteitsapp: ontwikkelingen en mogelijkheden<\/h1>\t\t\t\t<\/div>\n\t\t\t\t<\/div>\n\t\t\t\t<div class=\"elementor-element elementor-element-fa35c66 elementor-widget elementor-widget-text-editor\" data-id=\"fa35c66\" data-element_type=\"widget\" data-e-type=\"widget\" data-widget_type=\"text-editor.default\">\n\t\t\t\t<div class=\"elementor-widget-container\">\n\t\t\t\t\t\t\t\t\t<p>Mobiliteits-apps als 9292 en Google Maps kennen we al lang. Dankzij ontwikkelingen op het gebied van onder meer AI en (het delen van) data ontstaan er allerlei, vaak spectaculaire nieuwe mogelijkheden.\u00a0<\/p><p>Denk aan mobiele applicaties die fietsers of vrachtwagens eerder groen geven en die alle vormen van mobiliteit combineren op \u00e9\u00e9n platform en de doorstroming en verkeersveiligheid kunnen bevorderen. We vertellen alles over de ontwikkelingen rondom \u00e9n de mogelijkheden voor mobiliteits-apps.<\/p>\t\t\t\t\t\t\t\t<\/div>\n\t\t\t\t<\/div>\n\t\t\t\t\t<\/div>\n\t\t<\/div>\n\t\t\t\t\t<\/div>\n\t\t<\/section>\n\t\t\t\t<section class=\"elementor-section elementor-top-section elementor-element elementor-element-8ad7c52 elementor-section-boxed elementor-section-height-default elementor-section-height-default\" data-id=\"8ad7c52\" data-element_type=\"section\" data-e-type=\"section\" data-settings=\"{&quot;background_background&quot;:&quot;classic&quot;}\">\n\t\t\t\t\t\t<div class=\"elementor-container elementor-column-gap-default\">\n\t\t\t\t\t<div class=\"elementor-column elementor-col-100 elementor-top-column elementor-element elementor-element-a8edb8d\" data-id=\"a8edb8d\" data-element_type=\"column\" data-e-type=\"column\">\n\t\t\t<div class=\"elementor-widget-wrap elementor-element-populated\">\n\t\t\t\t\t\t<div class=\"elementor-element elementor-element-965c216 elementor-widget elementor-widget-heading\" data-id=\"965c216\" data-element_type=\"widget\" data-e-type=\"widget\" data-widget_type=\"heading.default\">\n\t\t\t\t<div class=\"elementor-widget-container\">\n\t\t\t\t\t<h2 class=\"elementor-heading-title elementor-size-default\">CASES<\/h2>\t\t\t\t<\/div>\n\t\t\t\t<\/div>\n\t\t\t\t<div class=\"elementor-element elementor-element-544eead elementor-widget elementor-widget-heading\" data-id=\"544eead\" data-element_type=\"widget\" data-e-type=\"widget\" data-widget_type=\"heading.default\">\n\t\t\t\t<div class=\"elementor-widget-container\">\n\t\t\t\t\t<h2 class=\"elementor-heading-title elementor-size-default\">Highlights van onze mobility projecten<\/h2>\t\t\t\t<\/div>\n\t\t\t\t<\/div>\n\t\t\t\t\t<\/div>\n\t\t<\/div>\n\t\t\t\t\t<\/div>\n\t\t<\/section>\n\t\t\t\t<section class=\"elementor-section elementor-top-section elementor-element elementor-element-fdfa442 elementor-section-boxed elementor-section-height-default elementor-section-height-default\" data-id=\"fdfa442\" data-element_type=\"section\" data-e-type=\"section\" data-settings=\"{&quot;background_background&quot;:&quot;classic&quot;}\">\n\t\t\t\t\t\t<div class=\"elementor-container elementor-column-gap-default\">\n\t\t\t\t\t<div class=\"elementor-column elementor-col-100 elementor-top-column elementor-element elementor-element-a777bc9\" data-id=\"a777bc9\" data-element_type=\"column\" data-e-type=\"column\">\n\t\t\t<div class=\"elementor-widget-wrap elementor-element-populated\">\n\t\t\t\t\t\t<div class=\"elementor-element elementor-element-6fbb30f elementor-align-center elementor-widget elementor-widget-button\" data-id=\"6fbb30f\" data-element_type=\"widget\" data-e-type=\"widget\" data-widget_type=\"button.default\">\n\t\t\t\t<div class=\"elementor-widget-container\">\n\t\t\t\t\t\t\t\t\t<div class=\"elementor-button-wrapper\">\n\t\t\t\t\t<a class=\"elementor-button elementor-button-link elementor-size-sm\" href=\"https:\/\/pinch.nl\/cases\/\">\n\t\t\t\t\t\t<span class=\"elementor-button-content-wrapper\">\n\t\t\t\t\t\t\t\t\t<span class=\"elementor-button-text\">Bekijk alle projecten<\/span>\n\t\t\t\t\t<\/span>\n\t\t\t\t\t<\/a>\n\t\t\t\t<\/div>\n\t\t\t\t\t\t\t\t<\/div>\n\t\t\t\t<\/div>\n\t\t\t\t\t<\/div>\n\t\t<\/div>\n\t\t\t\t\t<\/div>\n\t\t<\/section>\n\t\t\t\t<section class=\"elementor-section elementor-top-section elementor-element elementor-element-b059b43 elementor-section-boxed elementor-section-height-default elementor-section-height-default\" data-id=\"b059b43\" data-element_type=\"section\" data-e-type=\"section\">\n\t\t\t\t\t\t<div class=\"elementor-container elementor-column-gap-default\">\n\t\t\t\t\t<div class=\"elementor-column elementor-col-66 elementor-top-column elementor-element elementor-element-80fc6c3\" data-id=\"80fc6c3\" data-element_type=\"column\" data-e-type=\"column\">\n\t\t\t<div class=\"elementor-widget-wrap elementor-element-populated\">\n\t\t\t\t\t\t<div class=\"elementor-element elementor-element-4273be4 elementor-widget elementor-widget-heading\" data-id=\"4273be4\" data-element_type=\"widget\" data-e-type=\"widget\" data-widget_type=\"heading.default\">\n\t\t\t\t<div class=\"elementor-widget-container\">\n\t\t\t\t\t<h2 class=\"elementor-heading-title elementor-size-default\">De toekomst van mobiliteit is spannend<\/h2>\t\t\t\t<\/div>\n\t\t\t\t<\/div>\n\t\t\t\t<div class=\"elementor-element elementor-element-59ccada elementor-widget elementor-widget-text-editor\" data-id=\"59ccada\" data-element_type=\"widget\" data-e-type=\"widget\" data-widget_type=\"text-editor.default\">\n\t\t\t\t<div class=\"elementor-widget-container\">\n\t\t\t\t\t\t\t\t\tUitstoot, congestie van steden, parkeerproblematiek, overvolle wegen en spoorwegen, ruimtegebrek in steden: de uitdagingen op het gebied van mobiliteit zijn talrijk. Tegelijkertijd is de toekomst van mobiliteit ook spannend in positieve zin. Denk aan ontwikkelingen als de hyperloop, zelfrijdende voertuigen zoals auto\u2019s, pods en shuttles, vliegtuigen op waterstof en drones die zowel mensen als goederen kunnen vervoeren. Mobiele apps kunnen waarde toevoegen bij het oplossen van mobiliteitgerelateerde problemen. En daarmee bijdragen aan een emissievrije, comfortabele, betaalbare en veilige toekomst van mobiliteit.\n \t\t\t\t\t\t\t\t<\/div>\n\t\t\t\t<\/div>\n\t\t\t\t<div class=\"elementor-element elementor-element-19cc349 elementor-widget elementor-widget-spacer\" data-id=\"19cc349\" data-element_type=\"widget\" data-e-type=\"widget\" data-widget_type=\"spacer.default\">\n\t\t\t\t<div class=\"elementor-widget-container\">\n\t\t\t\t\t\t\t<div class=\"elementor-spacer\">\n\t\t\t<div class=\"elementor-spacer-inner\"><\/div>\n\t\t<\/div>\n\t\t\t\t\t\t<\/div>\n\t\t\t\t<\/div>\n\t\t\t\t\t<\/div>\n\t\t<\/div>\n\t\t\t\t<div class=\"elementor-column elementor-col-33 elementor-top-column elementor-element elementor-element-f7c433c\" data-id=\"f7c433c\" data-element_type=\"column\" data-e-type=\"column\">\n\t\t\t<div class=\"elementor-widget-wrap elementor-element-populated\">\n\t\t\t\t\t\t<div class=\"elementor-element elementor-element-e0707a3 elementor-widget elementor-widget-image\" data-id=\"e0707a3\" data-element_type=\"widget\" data-e-type=\"widget\" data-widget_type=\"image.default\">\n\t\t\t\t<div class=\"elementor-widget-container\">\n\t\t\t\t\t\t\t\t\t\t\t\t\t\t\t<img fetchpriority=\"high\" decoding=\"async\" width=\"800\" height=\"450\" src=\"https:\/\/pinch.nl\/wp-content\/uploads\/2023\/06\/greenflux_beeld-1024x576.png\" class=\"attachment-large size-large wp-image-13680\" alt=\"Mobility app Pinch\" srcset=\"https:\/\/pinch.nl\/wp-content\/uploads\/2023\/06\/greenflux_beeld-1024x576.png.webp 1024w, https:\/\/pinch.nl\/wp-content\/uploads\/2023\/06\/greenflux_beeld-300x169.png.webp 300w, https:\/\/pinch.nl\/wp-content\/uploads\/2023\/06\/greenflux_beeld-768x432.png.webp 768w, https:\/\/pinch.nl\/wp-content\/uploads\/2023\/06\/greenflux_beeld-1536x864.png.webp 1536w, https:\/\/pinch.nl\/wp-content\/uploads\/2023\/06\/greenflux_beeld.png.webp 1920w\" sizes=\"(max-width: 800px) 100vw, 800px\" \/>\t\t\t\t\t\t\t\t\t\t\t\t\t\t\t<\/div>\n\t\t\t\t<\/div>\n\t\t\t\t\t<\/div>\n\t\t<\/div>\n\t\t\t\t\t<\/div>\n\t\t<\/section>\n\t\t\t\t<section class=\"elementor-section elementor-top-section elementor-element elementor-element-28bce52 elementor-reverse-mobile elementor-section-boxed elementor-section-height-default elementor-section-height-default\" data-id=\"28bce52\" data-element_type=\"section\" data-e-type=\"section\">\n\t\t\t\t\t\t<div class=\"elementor-container elementor-column-gap-default\">\n\t\t\t\t\t<div class=\"elementor-column elementor-col-33 elementor-top-column elementor-element elementor-element-2f0b6eb\" data-id=\"2f0b6eb\" data-element_type=\"column\" data-e-type=\"column\">\n\t\t\t<div class=\"elementor-widget-wrap elementor-element-populated\">\n\t\t\t\t\t\t<div class=\"elementor-element elementor-element-6a3606d elementor-widget elementor-widget-image\" data-id=\"6a3606d\" data-element_type=\"widget\" data-e-type=\"widget\" data-widget_type=\"image.default\">\n\t\t\t\t<div class=\"elementor-widget-container\">\n\t\t\t\t\t\t\t\t\t\t\t\t\t\t\t<img decoding=\"async\" width=\"800\" height=\"450\" src=\"https:\/\/pinch.nl\/wp-content\/uploads\/2023\/06\/Greenfluxv3-1024x576.png\" class=\"attachment-large size-large wp-image-7960\" alt=\"\" srcset=\"https:\/\/pinch.nl\/wp-content\/uploads\/2023\/06\/Greenfluxv3-1024x576.png.webp 1024w, https:\/\/pinch.nl\/wp-content\/uploads\/2023\/06\/Greenfluxv3-300x169.png.webp 300w, https:\/\/pinch.nl\/wp-content\/uploads\/2023\/06\/Greenfluxv3-768x432.png.webp 768w, https:\/\/pinch.nl\/wp-content\/uploads\/2023\/06\/Greenfluxv3-1536x864.png.webp 1536w, https:\/\/pinch.nl\/wp-content\/uploads\/2023\/06\/Greenfluxv3.png.webp 1920w\" sizes=\"(max-width: 800px) 100vw, 800px\" \/>\t\t\t\t\t\t\t\t\t\t\t\t\t\t\t<\/div>\n\t\t\t\t<\/div>\n\t\t\t\t\t<\/div>\n\t\t<\/div>\n\t\t\t\t<div class=\"elementor-column elementor-col-66 elementor-top-column elementor-element elementor-element-b028ffe\" data-id=\"b028ffe\" data-element_type=\"column\" data-e-type=\"column\">\n\t\t\t<div class=\"elementor-widget-wrap elementor-element-populated\">\n\t\t\t\t\t\t<div class=\"elementor-element elementor-element-a86df4e elementor-widget elementor-widget-heading\" data-id=\"a86df4e\" data-element_type=\"widget\" data-e-type=\"widget\" data-widget_type=\"heading.default\">\n\t\t\t\t<div class=\"elementor-widget-container\">\n\t\t\t\t\t<h2 class=\"elementor-heading-title elementor-size-default\">De evolutie van reis- en vervoersapps<\/h2>\t\t\t\t<\/div>\n\t\t\t\t<\/div>\n\t\t\t\t<div class=\"elementor-element elementor-element-e6d86df elementor-widget elementor-widget-text-editor\" data-id=\"e6d86df\" data-element_type=\"widget\" data-e-type=\"widget\" data-widget_type=\"text-editor.default\">\n\t\t\t\t<div class=\"elementor-widget-container\">\n\t\t\t\t\t\t\t\t\tNavigatie-apps zoals Google Maps en Waze, apps voor het plannen van openbaar vervoerreizen en voor het boeken van taxiritten, flitspaal-apps: het merendeel van de mensen heeft \u00e9\u00e9n of meerdere van dit soort apps op zijn telefoon. Dankzij technologie\u00ebn op het vlak van bijvoorbeeld AI, rijhulpsystemen (ADAS: Advanced Driver Assistance Systems) en datadeling zijn er nu mogelijkheden voor een nieuwe generatie mobiele apps, met toepassingen als Mobility-as-a-Service en predictive maintenance. Connected car-applicaties bouwen bovendien mede aan het fundament voor smart cities.\n \t\t\t\t\t\t\t\t<\/div>\n\t\t\t\t<\/div>\n\t\t\t\t<div class=\"elementor-element elementor-element-fc6a676 elementor-widget elementor-widget-spacer\" data-id=\"fc6a676\" data-element_type=\"widget\" data-e-type=\"widget\" data-widget_type=\"spacer.default\">\n\t\t\t\t<div class=\"elementor-widget-container\">\n\t\t\t\t\t\t\t<div class=\"elementor-spacer\">\n\t\t\t<div class=\"elementor-spacer-inner\"><\/div>\n\t\t<\/div>\n\t\t\t\t\t\t<\/div>\n\t\t\t\t<\/div>\n\t\t\t\t\t<\/div>\n\t\t<\/div>\n\t\t\t\t\t<\/div>\n\t\t<\/section>\n\t\t\t\t<section class=\"elementor-section elementor-top-section elementor-element elementor-element-8e023f8 elementor-section-boxed elementor-section-height-default elementor-section-height-default\" data-id=\"8e023f8\" data-element_type=\"section\" data-e-type=\"section\">\n\t\t\t\t\t\t<div class=\"elementor-container elementor-column-gap-default\">\n\t\t\t\t\t<div class=\"elementor-column elementor-col-100 elementor-top-column elementor-element elementor-element-8c54a76\" data-id=\"8c54a76\" data-element_type=\"column\" data-e-type=\"column\">\n\t\t\t<div class=\"elementor-widget-wrap elementor-element-populated\">\n\t\t\t\t\t\t<div class=\"elementor-element elementor-element-514c1e8 elementor-widget elementor-widget-heading\" data-id=\"514c1e8\" data-element_type=\"widget\" data-e-type=\"widget\" data-widget_type=\"heading.default\">\n\t\t\t\t<div class=\"elementor-widget-container\">\n\t\t\t\t\t<h2 class=\"elementor-heading-title elementor-size-default\">Razendslimme smart mobility-apps<\/h2>\t\t\t\t<\/div>\n\t\t\t\t<\/div>\n\t\t\t\t<div class=\"elementor-element elementor-element-0738e32 elementor-widget elementor-widget-text-editor\" data-id=\"0738e32\" data-element_type=\"widget\" data-e-type=\"widget\" data-widget_type=\"text-editor.default\">\n\t\t\t\t<div class=\"elementor-widget-container\">\n\t\t\t\t\t\t\t\t\t<p>Smart mobility is het slim gebruiken van data en digitalisering in het verkeer. Los van de toch al interessante businesscases liggen er extra mooie kansen omdat Rijkswaterstaat heeft aangegeven vaker te willen samenwerken met marktpartijen. Een belangrijk onderwerp binnen smart mobility zijn apps voor deelmobiliteit: met name deelscooters en deelfietsen worden gezien als geschikte last mile-oplossing. Bekende voorbeelden van smart mobility-apps zijn:<\/p><ol><li>Apps voor Mobility-as-a-Service<\/li><li>Apps die auto\u2019s, fietsers en vrachtverkeer laten communiceren met slimme verkeerslichten (iVRI\u2019s)<\/li><li>Peer-to-peer apps voor ridesharing<\/li><li>Apps voor boten die zijn gekoppeld aan bijvoorbeeld brugmanagementsystemen.<\/li><\/ol>\t\t\t\t\t\t\t\t<\/div>\n\t\t\t\t<\/div>\n\t\t\t\t\t<\/div>\n\t\t<\/div>\n\t\t\t\t\t<\/div>\n\t\t<\/section>\n\t\t\t\t<section class=\"elementor-section elementor-top-section elementor-element elementor-element-d330211 elementor-section-boxed elementor-section-height-default elementor-section-height-default\" data-id=\"d330211\" data-element_type=\"section\" data-e-type=\"section\" data-settings=\"{&quot;background_background&quot;:&quot;classic&quot;}\">\n\t\t\t\t\t\t<div class=\"elementor-container elementor-column-gap-default\">\n\t\t\t\t\t<div class=\"elementor-column elementor-col-100 elementor-top-column elementor-element elementor-element-bd33e86\" data-id=\"bd33e86\" data-element_type=\"column\" data-e-type=\"column\" data-settings=\"{&quot;background_background&quot;:&quot;classic&quot;}\">\n\t\t\t<div class=\"elementor-widget-wrap elementor-element-populated\">\n\t\t\t\t\t\t<div class=\"elementor-element elementor-element-998422b elementor-widget elementor-widget-heading\" data-id=\"998422b\" data-element_type=\"widget\" data-e-type=\"widget\" data-widget_type=\"heading.default\">\n\t\t\t\t<div class=\"elementor-widget-container\">\n\t\t\t\t\t<h2 class=\"elementor-heading-title elementor-size-default\">MOBILITY ONTWIKKELINGEN<\/h2>\t\t\t\t<\/div>\n\t\t\t\t<\/div>\n\t\t\t\t<div class=\"elementor-element elementor-element-555ef47 elementor-widget elementor-widget-heading\" data-id=\"555ef47\" data-element_type=\"widget\" data-e-type=\"widget\" data-widget_type=\"heading.default\">\n\t\t\t\t<div class=\"elementor-widget-container\">\n\t\t\t\t\t<h2 class=\"elementor-heading-title elementor-size-default\">Mobility-as-a-service staat tot uw dienst<\/h2>\t\t\t\t<\/div>\n\t\t\t\t<\/div>\n\t\t\t\t<div class=\"elementor-element elementor-element-156a13f elementor-widget elementor-widget-text-editor\" data-id=\"156a13f\" data-element_type=\"widget\" data-e-type=\"widget\" data-widget_type=\"text-editor.default\">\n\t\t\t\t<div class=\"elementor-widget-container\">\n\t\t\t\t\t\t\t\t\t<p>Mobility-as-a-Service (MaaS) maakt het mogelijk de hele reis \u2013 van deur tot deur \u2013 te plannen, boeken en betalen via \u00e9\u00e9n platform. Daarbij kan de gebruiker meerdere vervoersmodaliteiten combineren, zoals openbaar vervoer, huurauto\u2019s, deelvervoersmiddelen en taxidiensten. De reiziger kiest zelf zijn reis en bereikt zo zorgeloos en prettig mogelijk zijn bestemming met dank aan onder andere op maat gemaakte reisopties en real-time informatievoorziening. Een mooi voorbeeld van een app voor deze zogeheten \u2018mobiliteit als dienst\u2019 is (het van origine Finse) Whim, dat wordt gezien als de ultieme MaaS-pionier. Interessant is overigens dat MaaS-apps steeds vaker als whitelabel-app worden aangeboden.<\/p><p>Bovenstaande ontwikkelingen zullen een bijdrage leveren om mobiliteit voor consumenten op drie gebieden te verbeteren: gebruiksvriendelijker, veiliger en groener. Voor welke oplossingen mensen zullen kiezen zal met name afhangen van de toegevoegde waarde voor eindgebruikers op deze drie gebieden. Voor alle spelers in het domein mobiliteit zal het cruciaal zijn om te blijven experimenteren en vernieuwen om zodoende de beste oplossingen te bieden voor iedereen die van A naar B wil.\u00a0<\/p>\t\t\t\t\t\t\t\t<\/div>\n\t\t\t\t<\/div>\n\t\t\t\t<div class=\"elementor-element elementor-element-34f7d0e elementor-align-center elementor-mobile-align-left elementor-widget elementor-widget-button\" data-id=\"34f7d0e\" data-element_type=\"widget\" data-e-type=\"widget\" data-widget_type=\"button.default\">\n\t\t\t\t<div class=\"elementor-widget-container\">\n\t\t\t\t\t\t\t\t\t<div class=\"elementor-button-wrapper\">\n\t\t\t\t\t<a class=\"elementor-button elementor-button-link elementor-size-sm\" href=\"\/werkwijze\/\">\n\t\t\t\t\t\t<span class=\"elementor-button-content-wrapper\">\n\t\t\t\t\t\t\t\t\t<span class=\"elementor-button-text\">Bekijk onze werkwijze<\/span>\n\t\t\t\t\t<\/span>\n\t\t\t\t\t<\/a>\n\t\t\t\t<\/div>\n\t\t\t\t\t\t\t\t<\/div>\n\t\t\t\t<\/div>\n\t\t\t\t\t<\/div>\n\t\t<\/div>\n\t\t\t\t\t<\/div>\n\t\t<\/section>\n\t\t\t\t<\/div>\n\t\t","protected":false},"excerpt":{"rendered":"<p>Mobiliteit apps SMART MOBILITY, MAAS- EN MOBILITEITS-APP Mobiliteitsapp: ontwikkelingen en mogelijkheden Mobiliteits-apps als 9292 en Google Maps kennen we al lang. Dankzij ontwikkelingen op het gebied van onder meer AI en (het delen van) data ontstaan er allerlei, vaak spectaculaire nieuwe mogelijkheden. Denk aan mobiele applicaties die fietsers of vrachtwagens eerder groen geven en die [&hellip;]<\/p>\n","protected":false},"author":15,"featured_media":0,"parent":0,"menu_order":0,"comment_status":"closed","ping_status":"closed","template":"elementor_header_footer","meta":{"_seopress_robots_primary_cat":"","_seopress_titles_title":"Alles over de ontwikkelen van een mobiliteitsapp | MAAS app","_seopress_titles_desc":"Mobility-as-a-Service, smart mobility, connected cars: we vertellen alles over de ontwikkelingen rondom en de mogelijkheden voor mobiliteits-apps.","_seopress_robots_index":"","footnotes":""},"class_list":["post-12519","page","type-page","status-publish","hentry"],"_links":{"self":[{"href":"https:\/\/pinch.nl\/es\/wp-json\/wp\/v2\/pages\/12519","targetHints":{"allow":["GET"]}}],"collection":[{"href":"https:\/\/pinch.nl\/es\/wp-json\/wp\/v2\/pages"}],"about":[{"href":"https:\/\/pinch.nl\/es\/wp-json\/wp\/v2\/types\/page"}],"author":[{"embeddable":true,"href":"https:\/\/pinch.nl\/es\/wp-json\/wp\/v2\/users\/15"}],"replies":[{"embeddable":true,"href":"https:\/\/pinch.nl\/es\/wp-json\/wp\/v2\/comments?post=12519"}],"version-history":[{"count":5,"href":"https:\/\/pinch.nl\/es\/wp-json\/wp\/v2\/pages\/12519\/revisions"}],"predecessor-version":[{"id":14229,"href":"https:\/\/pinch.nl\/es\/wp-json\/wp\/v2\/pages\/12519\/revisions\/14229"}],"wp:attachment":[{"href":"https:\/\/pinch.nl\/es\/wp-json\/wp\/v2\/media?parent=12519"}],"curies":[{"name":"wp","href":"https:\/\/api.w.org\/{rel}","templated":true}]}}