{"id":12523,"date":"2023-10-12T12:07:58","date_gmt":"2023-10-12T11:07:58","guid":{"rendered":"https:\/\/pinch.nl\/pinch-perfect\/"},"modified":"2025-09-23T09:09:03","modified_gmt":"2025-09-23T08:09:03","slug":"pinch-perfect","status":"publish","type":"page","link":"https:\/\/pinch.nl\/es\/pinch-perfect\/","title":{"rendered":"Pinch Perfect"},"content":{"rendered":"\t\t<div data-elementor-type=\"wp-page\" data-elementor-id=\"12523\" class=\"elementor elementor-12523 elementor-11690\" data-elementor-post-type=\"page\">\n\t\t\t\t\t\t<section class=\"elementor-section elementor-top-section elementor-element elementor-element-a816b8f elementor-section-boxed elementor-section-height-default elementor-section-height-default\" data-id=\"a816b8f\" data-element_type=\"section\" data-e-type=\"section\" data-settings=\"{&quot;background_background&quot;:&quot;classic&quot;}\">\n\t\t\t\t\t\t\t<div class=\"elementor-background-overlay\"><\/div>\n\t\t\t\t\t\t\t<div class=\"elementor-container elementor-column-gap-default\">\n\t\t\t\t\t<div class=\"elementor-column elementor-col-100 elementor-top-column elementor-element elementor-element-efec62a\" data-id=\"efec62a\" data-element_type=\"column\" data-e-type=\"column\">\n\t\t\t<div class=\"elementor-widget-wrap elementor-element-populated\">\n\t\t\t\t\t\t<div class=\"elementor-element elementor-element-5f2c903 elementor-widget elementor-widget-heading\" data-id=\"5f2c903\" data-element_type=\"widget\" data-e-type=\"widget\" data-widget_type=\"heading.default\">\n\t\t\t\t<div class=\"elementor-widget-container\">\n\t\t\t\t\t<h2 class=\"elementor-heading-title elementor-size-default\">Pinch Perfect<\/h2>\t\t\t\t<\/div>\n\t\t\t\t<\/div>\n\t\t\t\t<div class=\"elementor-element elementor-element-7d61bd9 elementor-widget-divider--view-line elementor-widget elementor-widget-divider\" data-id=\"7d61bd9\" data-element_type=\"widget\" data-e-type=\"widget\" data-widget_type=\"divider.default\">\n\t\t\t\t<div class=\"elementor-widget-container\">\n\t\t\t\t\t\t\t<div class=\"elementor-divider\">\n\t\t\t<span class=\"elementor-divider-separator\">\n\t\t\t\t\t\t<\/span>\n\t\t<\/div>\n\t\t\t\t\t\t<\/div>\n\t\t\t\t<\/div>\n\t\t\t\t\t<\/div>\n\t\t<\/div>\n\t\t\t\t\t<\/div>\n\t\t<\/section>\n\t\t\t\t<section class=\"elementor-section elementor-top-section elementor-element elementor-element-6bd1297 elementor-section-boxed elementor-section-height-default elementor-section-height-default\" data-id=\"6bd1297\" data-element_type=\"section\" data-e-type=\"section\">\n\t\t\t\t\t\t<div class=\"elementor-container elementor-column-gap-default\">\n\t\t\t\t\t<div class=\"elementor-column elementor-col-100 elementor-top-column elementor-element elementor-element-40fd644\" data-id=\"40fd644\" data-element_type=\"column\" data-e-type=\"column\">\n\t\t\t<div class=\"elementor-widget-wrap elementor-element-populated\">\n\t\t\t\t\t\t<div class=\"elementor-element elementor-element-1f22c06 elementor-widget elementor-widget-heading\" data-id=\"1f22c06\" data-element_type=\"widget\" data-e-type=\"widget\" data-widget_type=\"heading.default\">\n\t\t\t\t<div class=\"elementor-widget-container\">\n\t\t\t\t\t<h1 class=\"elementor-heading-title elementor-size-default\">Pinch perfect<\/h1>\t\t\t\t<\/div>\n\t\t\t\t<\/div>\n\t\t\t\t<div class=\"elementor-element elementor-element-f95c1b4 elementor-widget elementor-widget-spacer\" data-id=\"f95c1b4\" data-element_type=\"widget\" data-e-type=\"widget\" data-widget_type=\"spacer.default\">\n\t\t\t\t<div class=\"elementor-widget-container\">\n\t\t\t\t\t\t\t<div class=\"elementor-spacer\">\n\t\t\t<div class=\"elementor-spacer-inner\"><\/div>\n\t\t<\/div>\n\t\t\t\t\t\t<\/div>\n\t\t\t\t<\/div>\n\t\t\t\t<div class=\"elementor-element elementor-element-e8f42a1 elementor-widget elementor-widget-heading\" data-id=\"e8f42a1\" data-element_type=\"widget\" data-e-type=\"widget\" data-widget_type=\"heading.default\">\n\t\t\t\t<div class=\"elementor-widget-container\">\n\t\t\t\t\t<h2 class=\"elementor-heading-title elementor-size-default\">Las aplicaciones sin errores no existen. Pero con Pinch Perfect puedes detectarlos r\u00e1pidamente, \u00a1preferiblemente antes de que los usuarios se vean afectados!\n<\/h2>\t\t\t\t<\/div>\n\t\t\t\t<\/div>\n\t\t\t\t<div class=\"elementor-element elementor-element-f0eb81c elementor-widget elementor-widget-spacer\" data-id=\"f0eb81c\" data-element_type=\"widget\" data-e-type=\"widget\" data-widget_type=\"spacer.default\">\n\t\t\t\t<div class=\"elementor-widget-container\">\n\t\t\t\t\t\t\t<div class=\"elementor-spacer\">\n\t\t\t<div class=\"elementor-spacer-inner\"><\/div>\n\t\t<\/div>\n\t\t\t\t\t\t<\/div>\n\t\t\t\t<\/div>\n\t\t\t\t<div class=\"elementor-element elementor-element-5fba568 elementor-widget elementor-widget-text-editor\" data-id=\"5fba568\" data-element_type=\"widget\" data-e-type=\"widget\" data-widget_type=\"text-editor.default\">\n\t\t\t\t<div class=\"elementor-widget-container\">\n\t\t\t\t\t\t\t\t\t<p><strong>\u00bfEncontrar errores antes de que tus clientes los noten?<br \/><\/strong><br \/>\u00a1Elige Pinch Perfect! Pinch Perfect es la plataforma para probar aplicaciones de manera automatizada. No solo cuando hay una actualizaci\u00f3n de la aplicaci\u00f3n, sino de manera continua: incluso puede hacerse a diario. As\u00ed, no s\u00f3lo detectamos errores en la propia aplicaci\u00f3n, sino tambi\u00e9n si algo falla en el backend, como en un CMS o una API. Con Pinch Perfect, siempre estar\u00e1s al tanto del estado de tu aplicaci\u00f3n, sin importar el dispositivo.\u00a0<\/p>\t\t\t\t\t\t\t\t<\/div>\n\t\t\t\t<\/div>\n\t\t\t\t\t<\/div>\n\t\t<\/div>\n\t\t\t\t\t<\/div>\n\t\t<\/section>\n\t\t\t\t<section class=\"elementor-section elementor-top-section elementor-element elementor-element-616a426 elementor-section-boxed elementor-section-height-default elementor-section-height-default\" data-id=\"616a426\" data-element_type=\"section\" data-e-type=\"section\">\n\t\t\t\t\t\t<div class=\"elementor-container elementor-column-gap-default\">\n\t\t\t\t\t<div class=\"elementor-column elementor-col-50 elementor-top-column elementor-element elementor-element-a366b39\" data-id=\"a366b39\" data-element_type=\"column\" data-e-type=\"column\">\n\t\t\t<div class=\"elementor-widget-wrap elementor-element-populated\">\n\t\t\t\t\t\t<div class=\"elementor-element elementor-element-683f015 elementor-widget elementor-widget-heading\" data-id=\"683f015\" data-element_type=\"widget\" data-e-type=\"widget\" data-widget_type=\"heading.default\">\n\t\t\t\t<div class=\"elementor-widget-container\">\n\t\t\t\t\t<h2 class=\"elementor-heading-title elementor-size-default\">Comienza a probar en 3 sencillos pasos (S\u00ed, de verdad, es as\u00ed de simple)\n<\/h2>\t\t\t\t<\/div>\n\t\t\t\t<\/div>\n\t\t\t\t<div class=\"elementor-element elementor-element-75b3db7 elementor-widget elementor-widget-text-editor\" data-id=\"75b3db7\" data-element_type=\"widget\" data-e-type=\"widget\" data-widget_type=\"text-editor.default\">\n\t\t\t\t<div class=\"elementor-widget-container\">\n\t\t\t\t\t\t\t\t\t<ol><li>Primero, evaluamos si tu aplicaci\u00f3n ya est\u00e1 lista para ser probada. Si la app cumple con los requisitos de accesibilidad (pronto ser\u00e1n obligatorios por ley), entonces es apta para probarse con Pinch Perfect. Si no es as\u00ed, podemos ayudarte a hacer que la aplicaci\u00f3n sea adecuada. Normalmente, estos son ajustes simples.<\/li><li>Juntos determinamos los user flows o funcionalidades m\u00e1s importantes y utilizadas que ser\u00e1n probadas. Por ejemplo, el proceso de inicio de sesi\u00f3n. Con base en esto, creamos varios escenarios de prueba.<\/li><li>Definimos juntos en qu\u00e9 dispositivos, con qu\u00e9 versi\u00f3n del sistema operativo (iOS, Android) y con qu\u00e9 frecuencia se realizar\u00e1n las pruebas. Esto lo hacemos, por supuesto, bas\u00e1ndonos en los datos de tus usuarios.<\/li><\/ol><p>\u00a0<\/p><p>\u00bfTodo listo? \u00a1A probar!\u00a0<\/p>\t\t\t\t\t\t\t\t<\/div>\n\t\t\t\t<\/div>\n\t\t\t\t\t<\/div>\n\t\t<\/div>\n\t\t\t\t<div class=\"elementor-column elementor-col-50 elementor-top-column elementor-element elementor-element-450d4eb\" data-id=\"450d4eb\" data-element_type=\"column\" data-e-type=\"column\">\n\t\t\t<div class=\"elementor-widget-wrap elementor-element-populated\">\n\t\t\t\t\t\t<div class=\"elementor-element elementor-element-64d712a elementor-widget elementor-widget-image\" data-id=\"64d712a\" data-element_type=\"widget\" data-e-type=\"widget\" data-widget_type=\"image.default\">\n\t\t\t\t<div class=\"elementor-widget-container\">\n\t\t\t\t\t\t\t\t\t\t\t\t\t\t\t<img fetchpriority=\"high\" decoding=\"async\" width=\"800\" height=\"534\" src=\"https:\/\/pinch.nl\/wp-content\/uploads\/2023\/06\/IMG_4541-1024x683.jpg\" class=\"attachment-large size-large wp-image-12507\" alt=\"Pinch App Develoment - Office\" srcset=\"https:\/\/pinch.nl\/wp-content\/uploads\/2023\/06\/IMG_4541-1024x683.jpg 1024w, https:\/\/pinch.nl\/wp-content\/uploads\/2023\/06\/IMG_4541-300x200.jpg 300w, https:\/\/pinch.nl\/wp-content\/uploads\/2023\/06\/IMG_4541-768x512.jpg 768w, https:\/\/pinch.nl\/wp-content\/uploads\/2023\/06\/IMG_4541-1536x1024.jpg 1536w, https:\/\/pinch.nl\/wp-content\/uploads\/2023\/06\/IMG_4541-2048x1365.jpg 2048w\" sizes=\"(max-width: 800px) 100vw, 800px\" \/>\t\t\t\t\t\t\t\t\t\t\t\t\t\t\t<\/div>\n\t\t\t\t<\/div>\n\t\t\t\t\t<\/div>\n\t\t<\/div>\n\t\t\t\t\t<\/div>\n\t\t<\/section>\n\t\t\t\t<section class=\"elementor-section elementor-top-section elementor-element elementor-element-5537c58 elementor-reverse-mobile elementor-section-boxed elementor-section-height-default elementor-section-height-default\" data-id=\"5537c58\" data-element_type=\"section\" data-e-type=\"section\">\n\t\t\t\t\t\t<div class=\"elementor-container elementor-column-gap-default\">\n\t\t\t\t\t<div class=\"elementor-column elementor-col-33 elementor-top-column elementor-element elementor-element-2d11088\" data-id=\"2d11088\" data-element_type=\"column\" data-e-type=\"column\">\n\t\t\t<div class=\"elementor-widget-wrap elementor-element-populated\">\n\t\t\t\t\t\t<div class=\"elementor-element elementor-element-0bfc5ce elementor-widget elementor-widget-image\" data-id=\"0bfc5ce\" data-element_type=\"widget\" data-e-type=\"widget\" data-widget_type=\"image.default\">\n\t\t\t\t<div class=\"elementor-widget-container\">\n\t\t\t\t\t\t\t\t\t\t\t\t\t\t\t<img decoding=\"async\" width=\"800\" height=\"534\" src=\"https:\/\/pinch.nl\/wp-content\/uploads\/2023\/06\/IMG_4602-1024x683.jpg\" class=\"attachment-large size-large wp-image-12768\" alt=\"iOS App development - MacBook\" srcset=\"https:\/\/pinch.nl\/wp-content\/uploads\/2023\/06\/IMG_4602-1024x683.jpg 1024w, https:\/\/pinch.nl\/wp-content\/uploads\/2023\/06\/IMG_4602-300x200.jpg 300w, https:\/\/pinch.nl\/wp-content\/uploads\/2023\/06\/IMG_4602-768x512.jpg 768w, https:\/\/pinch.nl\/wp-content\/uploads\/2023\/06\/IMG_4602-1536x1024.jpg 1536w, https:\/\/pinch.nl\/wp-content\/uploads\/2023\/06\/IMG_4602-2048x1365.jpg 2048w\" sizes=\"(max-width: 800px) 100vw, 800px\" \/>\t\t\t\t\t\t\t\t\t\t\t\t\t\t\t<\/div>\n\t\t\t\t<\/div>\n\t\t\t\t\t<\/div>\n\t\t<\/div>\n\t\t\t\t<div class=\"elementor-column elementor-col-66 elementor-top-column elementor-element elementor-element-8466a74\" data-id=\"8466a74\" data-element_type=\"column\" data-e-type=\"column\">\n\t\t\t<div class=\"elementor-widget-wrap elementor-element-populated\">\n\t\t\t\t\t\t<div class=\"elementor-element elementor-element-d6c5b6b elementor-widget elementor-widget-heading\" data-id=\"d6c5b6b\" data-element_type=\"widget\" data-e-type=\"widget\" data-widget_type=\"heading.default\">\n\t\t\t\t<div class=\"elementor-widget-container\">\n\t\t\t\t\t<h2 class=\"elementor-heading-title elementor-size-default\">Informaci\u00f3n 24\/7 sobre el estado de tu aplicaci\u00f3n\n<\/h2>\t\t\t\t<\/div>\n\t\t\t\t<\/div>\n\t\t\t\t<div class=\"elementor-element elementor-element-51e9c00 elementor-widget elementor-widget-text-editor\" data-id=\"51e9c00\" data-element_type=\"widget\" data-e-type=\"widget\" data-widget_type=\"text-editor.default\">\n\t\t\t\t<div class=\"elementor-widget-container\">\n\t\t\t\t\t\t\t\t\t<p><strong>Pinch Perfect<\/strong> te mantiene constantemente informado sobre la calidad de tu aplicaci\u00f3n. As\u00ed lo hacemos:<\/p><p>Al finalizar una prueba, recibes inmediatamente un informe en Slack, donde puedes ver el estado de cada escenario de prueba.<br \/>Si se encuentra un error o cualquier otro fallo, Pinch Perfect crea un ticket (por ejemplo, en Jira) donde se adjunta un video del escenario de prueba en el que ocurri\u00f3 el problema. De esta manera, tu desarrollador tiene toda la informaci\u00f3n necesaria para resolverlo.\u00a0<\/p>\t\t\t\t\t\t\t\t<\/div>\n\t\t\t\t<\/div>\n\t\t\t\t<div class=\"elementor-element elementor-element-e1a432c elementor-widget elementor-widget-spacer\" data-id=\"e1a432c\" data-element_type=\"widget\" data-e-type=\"widget\" data-widget_type=\"spacer.default\">\n\t\t\t\t<div class=\"elementor-widget-container\">\n\t\t\t\t\t\t\t<div class=\"elementor-spacer\">\n\t\t\t<div class=\"elementor-spacer-inner\"><\/div>\n\t\t<\/div>\n\t\t\t\t\t\t<\/div>\n\t\t\t\t<\/div>\n\t\t\t\t\t<\/div>\n\t\t<\/div>\n\t\t\t\t\t<\/div>\n\t\t<\/section>\n\t\t\t\t<section class=\"elementor-section elementor-top-section elementor-element elementor-element-514d9f1 elementor-section-boxed elementor-section-height-default elementor-section-height-default\" data-id=\"514d9f1\" data-element_type=\"section\" data-e-type=\"section\" data-settings=\"{&quot;background_background&quot;:&quot;classic&quot;}\">\n\t\t\t\t\t\t<div class=\"elementor-container elementor-column-gap-default\">\n\t\t\t\t\t<div class=\"elementor-column elementor-col-100 elementor-top-column elementor-element elementor-element-da0f7dc\" data-id=\"da0f7dc\" data-element_type=\"column\" data-e-type=\"column\">\n\t\t\t<div class=\"elementor-widget-wrap elementor-element-populated\">\n\t\t\t\t\t\t<section class=\"elementor-section elementor-inner-section elementor-element elementor-element-44ebf19 elementor-reverse-mobile elementor-section-boxed elementor-section-height-default elementor-section-height-default\" data-id=\"44ebf19\" data-element_type=\"section\" data-e-type=\"section\">\n\t\t\t\t\t\t<div class=\"elementor-container elementor-column-gap-default\">\n\t\t\t\t\t<div class=\"elementor-column elementor-col-100 elementor-inner-column elementor-element elementor-element-580ee58\" data-id=\"580ee58\" data-element_type=\"column\" data-e-type=\"column\">\n\t\t\t<div class=\"elementor-widget-wrap elementor-element-populated\">\n\t\t\t\t\t\t<div class=\"elementor-element elementor-element-8f1aab2 elementor-widget elementor-widget-toggle\" data-id=\"8f1aab2\" data-element_type=\"widget\" data-e-type=\"widget\" data-widget_type=\"toggle.default\">\n\t\t\t\t<div class=\"elementor-widget-container\">\n\t\t\t\t\t\t\t<div class=\"elementor-toggle\">\n\t\t\t\t\t\t\t<div class=\"elementor-toggle-item\">\n\t\t\t\t\t<div id=\"elementor-tab-title-1501\" class=\"elementor-tab-title\" data-tab=\"1\" role=\"button\" aria-controls=\"elementor-tab-content-1501\" aria-expanded=\"false\">\n\t\t\t\t\t\t\t\t\t\t\t\t<span class=\"elementor-toggle-icon elementor-toggle-icon-left\" aria-hidden=\"true\">\n\t\t\t\t\t\t\t\t\t\t\t\t\t\t\t<span class=\"elementor-toggle-icon-closed\"><i class=\"fas fa-plus\"><\/i><\/span>\n\t\t\t\t\t\t\t\t<span class=\"elementor-toggle-icon-opened\"><i class=\"elementor-toggle-icon-opened fas fa-times\"><\/i><\/span>\n\t\t\t\t\t\t\t\t\t\t\t\t\t<\/span>\n\t\t\t\t\t\t\t\t\t\t\t\t<a class=\"elementor-toggle-title\" tabindex=\"0\">\u00bfPuede mi aplicaci\u00f3n ser probada con Pinch Perfect?<\/a>\n\t\t\t\t\t<\/div>\n\n\t\t\t\t\t<div id=\"elementor-tab-content-1501\" class=\"elementor-tab-content elementor-clearfix\" data-tab=\"1\" role=\"region\" aria-labelledby=\"elementor-tab-title-1501\">Absolutamente. En principio, cualquier aplicaci\u00f3n puede ser probada con Pinch Perfect. No es necesario que la aplicaci\u00f3n haya sido desarrollada por Pinch. Pinch Perfect utiliza las etiquetas que tambi\u00e9n se usan para las opciones de accesibilidad (para personas ciegas o con baja visi\u00f3n). Si tu aplicaci\u00f3n a\u00fan no cumple con estos requisitos, podemos ayudarte a solucionarlo. Por lo general, se trata de ajustes sencillos.\n<\/div>\n\t\t\t\t<\/div>\n\t\t\t\t\t\t\t<div class=\"elementor-toggle-item\">\n\t\t\t\t\t<div id=\"elementor-tab-title-1502\" class=\"elementor-tab-title\" data-tab=\"2\" role=\"button\" aria-controls=\"elementor-tab-content-1502\" aria-expanded=\"false\">\n\t\t\t\t\t\t\t\t\t\t\t\t<span class=\"elementor-toggle-icon elementor-toggle-icon-left\" aria-hidden=\"true\">\n\t\t\t\t\t\t\t\t\t\t\t\t\t\t\t<span class=\"elementor-toggle-icon-closed\"><i class=\"fas fa-plus\"><\/i><\/span>\n\t\t\t\t\t\t\t\t<span class=\"elementor-toggle-icon-opened\"><i class=\"elementor-toggle-icon-opened fas fa-times\"><\/i><\/span>\n\t\t\t\t\t\t\t\t\t\t\t\t\t<\/span>\n\t\t\t\t\t\t\t\t\t\t\t\t<a class=\"elementor-toggle-title\" tabindex=\"0\">\u00bfQu\u00e9 tan r\u00e1pido puedo comenzar?<\/a>\n\t\t\t\t\t<\/div>\n\n\t\t\t\t\t<div id=\"elementor-tab-content-1502\" class=\"elementor-tab-content elementor-clearfix\" data-tab=\"2\" role=\"region\" aria-labelledby=\"elementor-tab-title-1502\">En principio, en unas pocas semanas, dependiendo del n\u00famero de escenarios de prueba y de si la aplicaci\u00f3n ya est\u00e1 lista para ser probada.\n<\/div>\n\t\t\t\t<\/div>\n\t\t\t\t\t\t\t<div class=\"elementor-toggle-item\">\n\t\t\t\t\t<div id=\"elementor-tab-title-1503\" class=\"elementor-tab-title\" data-tab=\"3\" role=\"button\" aria-controls=\"elementor-tab-content-1503\" aria-expanded=\"false\">\n\t\t\t\t\t\t\t\t\t\t\t\t<span class=\"elementor-toggle-icon elementor-toggle-icon-left\" aria-hidden=\"true\">\n\t\t\t\t\t\t\t\t\t\t\t\t\t\t\t<span class=\"elementor-toggle-icon-closed\"><i class=\"fas fa-plus\"><\/i><\/span>\n\t\t\t\t\t\t\t\t<span class=\"elementor-toggle-icon-opened\"><i class=\"elementor-toggle-icon-opened fas fa-times\"><\/i><\/span>\n\t\t\t\t\t\t\t\t\t\t\t\t\t<\/span>\n\t\t\t\t\t\t\t\t\t\t\t\t<a class=\"elementor-toggle-title\" tabindex=\"0\">\u00bfQu\u00e9 versi\u00f3n de la aplicaci\u00f3n se prueba?<\/a>\n\t\t\t\t\t<\/div>\n\n\t\t\t\t\t<div id=\"elementor-tab-content-1503\" class=\"elementor-tab-content elementor-clearfix\" data-tab=\"3\" role=\"region\" aria-labelledby=\"elementor-tab-title-1503\">\u00abDiscovery\u00bb es nuestro enfoque recomendado y m\u00e1s completo para establecer una base s\u00f3lida para el futuro de tu aplicaci\u00f3n. Hemos llevado a cabo este proceso, por ejemplo, con nuestros clientes para las aplicaciones Qmusic y GreenFlux Charge Assist. Tambi\u00e9n ofrecemos versiones m\u00e1s compactas para un an\u00e1lisis r\u00e1pido o un proceso de \u00abDiscovery\u00bb acortado de uno o dos d\u00edas.\n\n\u00bfQuieres saber m\u00e1s sobre nuestro Quick Scan de Discovery? Ingresa tus datos y descarga nuestro enfoque para que sepas de inmediato qu\u00e9 esperar. \u00bfTe interesa obtener m\u00e1s informaci\u00f3n o conocer otras opciones de Discovery? Ponte en contacto con Tim Klein Haneveld o Menno Biesiot.\n<\/div>\n\t\t\t\t<\/div>\n\t\t\t\t\t\t\t<div class=\"elementor-toggle-item\">\n\t\t\t\t\t<div id=\"elementor-tab-title-1504\" class=\"elementor-tab-title\" data-tab=\"4\" role=\"button\" aria-controls=\"elementor-tab-content-1504\" aria-expanded=\"false\">\n\t\t\t\t\t\t\t\t\t\t\t\t<span class=\"elementor-toggle-icon elementor-toggle-icon-left\" aria-hidden=\"true\">\n\t\t\t\t\t\t\t\t\t\t\t\t\t\t\t<span class=\"elementor-toggle-icon-closed\"><i class=\"fas fa-plus\"><\/i><\/span>\n\t\t\t\t\t\t\t\t<span class=\"elementor-toggle-icon-opened\"><i class=\"elementor-toggle-icon-opened fas fa-times\"><\/i><\/span>\n\t\t\t\t\t\t\t\t\t\t\t\t\t<\/span>\n\t\t\t\t\t\t\t\t\t\t\t\t<a class=\"elementor-toggle-title\" tabindex=\"0\">\u00bfCu\u00e1nto cuesta Pinch Perfect?<\/a>\n\t\t\t\t\t<\/div>\n\n\t\t\t\t\t<div id=\"elementor-tab-content-1504\" class=\"elementor-tab-content elementor-clearfix\" data-tab=\"4\" role=\"region\" aria-labelledby=\"elementor-tab-title-1504\">Lo evaluamos para cada aplicaci\u00f3n, ya que depende del n\u00famero de escenarios de prueba, la frecuencia de las pruebas, la cantidad de dispositivos, etc. El precio estimado es de \u20ac 1.500 al mes por aplicaci\u00f3n.\n<\/div>\n\t\t\t\t<\/div>\n\t\t\t\t\t\t\t<div class=\"elementor-toggle-item\">\n\t\t\t\t\t<div id=\"elementor-tab-title-1505\" class=\"elementor-tab-title\" data-tab=\"5\" role=\"button\" aria-controls=\"elementor-tab-content-1505\" aria-expanded=\"false\">\n\t\t\t\t\t\t\t\t\t\t\t\t<span class=\"elementor-toggle-icon elementor-toggle-icon-left\" aria-hidden=\"true\">\n\t\t\t\t\t\t\t\t\t\t\t\t\t\t\t<span class=\"elementor-toggle-icon-closed\"><i class=\"fas fa-plus\"><\/i><\/span>\n\t\t\t\t\t\t\t\t<span class=\"elementor-toggle-icon-opened\"><i class=\"elementor-toggle-icon-opened fas fa-times\"><\/i><\/span>\n\t\t\t\t\t\t\t\t\t\t\t\t\t<\/span>\n\t\t\t\t\t\t\t\t\t\t\t\t<a class=\"elementor-toggle-title\" tabindex=\"0\">\u00bfTiene sentido hacer pruebas continuas?<\/a>\n\t\t\t\t\t<\/div>\n\n\t\t\t\t\t<div id=\"elementor-tab-content-1505\" class=\"elementor-tab-content elementor-clearfix\" data-tab=\"5\" role=\"region\" aria-labelledby=\"elementor-tab-title-1505\">Absolutamente. Una aplicaci\u00f3n no consiste solo en lo que ves en la pantalla (la interfaz). La mayor parte del contenido en una aplicaci\u00f3n proviene de sistemas backend. Si algo falla all\u00ed, afecta directamente el funcionamiento de la aplicaci\u00f3n. Pinch Perfect tambi\u00e9n detecta estos errores.\n<\/div>\n\t\t\t\t<\/div>\n\t\t\t\t\t\t\t<div class=\"elementor-toggle-item\">\n\t\t\t\t\t<div id=\"elementor-tab-title-1506\" class=\"elementor-tab-title\" data-tab=\"6\" role=\"button\" aria-controls=\"elementor-tab-content-1506\" aria-expanded=\"false\">\n\t\t\t\t\t\t\t\t\t\t\t\t<span class=\"elementor-toggle-icon elementor-toggle-icon-left\" aria-hidden=\"true\">\n\t\t\t\t\t\t\t\t\t\t\t\t\t\t\t<span class=\"elementor-toggle-icon-closed\"><i class=\"fas fa-plus\"><\/i><\/span>\n\t\t\t\t\t\t\t\t<span class=\"elementor-toggle-icon-opened\"><i class=\"elementor-toggle-icon-opened fas fa-times\"><\/i><\/span>\n\t\t\t\t\t\t\t\t\t\t\t\t\t<\/span>\n\t\t\t\t\t\t\t\t\t\t\t\t<a class=\"elementor-toggle-title\" tabindex=\"0\">\u00bfSustituye Pinch Perfect las pruebas manuales?<\/a>\n\t\t\t\t\t<\/div>\n\n\t\t\t\t\t<div id=\"elementor-tab-content-1506\" class=\"elementor-tab-content elementor-clearfix\" data-tab=\"6\" role=\"region\" aria-labelledby=\"elementor-tab-title-1506\">No. Es imposible probar todos los escenarios posibles de manera automatizada. Sin embargo, lo consideramos un apoyo para los testers manuales, lo que hace que su trabajo sea m\u00e1s eficiente.\n<\/div>\n\t\t\t\t<\/div>\n\t\t\t\t\t\t\t\t<\/div>\n\t\t\t\t\t\t<\/div>\n\t\t\t\t<\/div>\n\t\t\t\t\t<\/div>\n\t\t<\/div>\n\t\t\t\t\t<\/div>\n\t\t<\/section>\n\t\t\t\t\t<\/div>\n\t\t<\/div>\n\t\t\t\t\t<\/div>\n\t\t<\/section>\n\t\t\t\t<\/div>\n\t\t","protected":false},"excerpt":{"rendered":"<p>Pinch Perfect Pinch perfect Las aplicaciones sin errores no existen. Pero con Pinch Perfect puedes detectarlos r\u00e1pidamente, \u00a1preferiblemente antes de que los usuarios se vean afectados! \u00bfEncontrar errores antes de que tus clientes los noten? \u00a1Elige Pinch Perfect! Pinch Perfect es la plataforma para probar aplicaciones de manera automatizada. No solo cuando hay una actualizaci\u00f3n [&hellip;]<\/p>\n","protected":false},"author":9,"featured_media":0,"parent":0,"menu_order":0,"comment_status":"closed","ping_status":"closed","template":"elementor_header_footer","meta":{"_seopress_robots_primary_cat":"","_seopress_titles_title":"Pinch Perfect ES | Pinch","_seopress_titles_desc":"Las aplicaciones sin errores no existen. Pero con Pinch Perfect puedes detectarlos r\u00e1pidamente, \u00a1preferiblemente antes de que los usuarios se vean afectados!","_seopress_robots_index":"","footnotes":""},"class_list":["post-12523","page","type-page","status-publish","hentry"],"_links":{"self":[{"href":"https:\/\/pinch.nl\/es\/wp-json\/wp\/v2\/pages\/12523","targetHints":{"allow":["GET"]}}],"collection":[{"href":"https:\/\/pinch.nl\/es\/wp-json\/wp\/v2\/pages"}],"about":[{"href":"https:\/\/pinch.nl\/es\/wp-json\/wp\/v2\/types\/page"}],"author":[{"embeddable":true,"href":"https:\/\/pinch.nl\/es\/wp-json\/wp\/v2\/users\/9"}],"replies":[{"embeddable":true,"href":"https:\/\/pinch.nl\/es\/wp-json\/wp\/v2\/comments?post=12523"}],"version-history":[{"count":5,"href":"https:\/\/pinch.nl\/es\/wp-json\/wp\/v2\/pages\/12523\/revisions"}],"predecessor-version":[{"id":14404,"href":"https:\/\/pinch.nl\/es\/wp-json\/wp\/v2\/pages\/12523\/revisions\/14404"}],"wp:attachment":[{"href":"https:\/\/pinch.nl\/es\/wp-json\/wp\/v2\/media?parent=12523"}],"curies":[{"name":"wp","href":"https:\/\/api.w.org\/{rel}","templated":true}]}}