{"id":12535,"date":"2023-07-19T13:49:51","date_gmt":"2023-07-19T12:49:51","guid":{"rendered":"https:\/\/pinch.nl\/app-design\/"},"modified":"2024-05-03T15:20:58","modified_gmt":"2024-05-03T14:20:58","slug":"app-design","status":"publish","type":"page","link":"https:\/\/pinch.nl\/es\/app-design\/","title":{"rendered":"Dise\u00f1o de apps"},"content":{"rendered":"\t\t<div data-elementor-type=\"wp-page\" data-elementor-id=\"12535\" class=\"elementor elementor-12535 elementor-9891\" data-elementor-post-type=\"page\">\n\t\t\t\t\t\t<section class=\"elementor-section elementor-top-section elementor-element elementor-element-c32282c elementor-section-boxed elementor-section-height-default elementor-section-height-default\" data-id=\"c32282c\" data-element_type=\"section\" data-e-type=\"section\" data-settings=\"{&quot;background_background&quot;:&quot;classic&quot;}\">\n\t\t\t\t\t\t\t<div class=\"elementor-background-overlay\"><\/div>\n\t\t\t\t\t\t\t<div class=\"elementor-container elementor-column-gap-default\">\n\t\t\t\t\t<div class=\"elementor-column elementor-col-100 elementor-top-column elementor-element elementor-element-c078b91\" data-id=\"c078b91\" data-element_type=\"column\" data-e-type=\"column\">\n\t\t\t<div class=\"elementor-widget-wrap elementor-element-populated\">\n\t\t\t\t\t\t<div class=\"elementor-element elementor-element-c1e4998 elementor-widget elementor-widget-heading\" data-id=\"c1e4998\" data-element_type=\"widget\" data-e-type=\"widget\" data-widget_type=\"heading.default\">\n\t\t\t\t<div class=\"elementor-widget-container\">\n\t\t\t\t\t<h1 class=\"elementor-heading-title elementor-size-default\">DISE\u00d1O DE APPS<\/h1>\t\t\t\t<\/div>\n\t\t\t\t<\/div>\n\t\t\t\t<div class=\"elementor-element elementor-element-41550a8 elementor-widget-divider--view-line elementor-widget elementor-widget-divider\" data-id=\"41550a8\" data-element_type=\"widget\" data-e-type=\"widget\" data-widget_type=\"divider.default\">\n\t\t\t\t<div class=\"elementor-widget-container\">\n\t\t\t\t\t\t\t<div class=\"elementor-divider\">\n\t\t\t<span class=\"elementor-divider-separator\">\n\t\t\t\t\t\t<\/span>\n\t\t<\/div>\n\t\t\t\t\t\t<\/div>\n\t\t\t\t<\/div>\n\t\t\t\t\t<\/div>\n\t\t<\/div>\n\t\t\t\t\t<\/div>\n\t\t<\/section>\n\t\t\t\t<section class=\"elementor-section elementor-top-section elementor-element elementor-element-5070150 elementor-section-boxed elementor-section-height-default elementor-section-height-default\" data-id=\"5070150\" data-element_type=\"section\" data-e-type=\"section\">\n\t\t\t\t\t\t<div class=\"elementor-container elementor-column-gap-default\">\n\t\t\t\t\t<div class=\"elementor-column elementor-col-100 elementor-top-column elementor-element elementor-element-e41fd84\" data-id=\"e41fd84\" data-element_type=\"column\" data-e-type=\"column\">\n\t\t\t<div class=\"elementor-widget-wrap elementor-element-populated\">\n\t\t\t\t\t\t<div class=\"elementor-element elementor-element-291ce73 elementor-widget elementor-widget-heading\" data-id=\"291ce73\" data-element_type=\"widget\" data-e-type=\"widget\" data-widget_type=\"heading.default\">\n\t\t\t\t<div class=\"elementor-widget-container\">\n\t\t\t\t\t<h2 class=\"elementor-heading-title elementor-size-default\">Dise\u00f1o impoluto: la base para una app de \u00e9xito\n<\/h2>\t\t\t\t<\/div>\n\t\t\t\t<\/div>\n\t\t\t\t<div class=\"elementor-element elementor-element-e4bc8e5 elementor-widget elementor-widget-spacer\" data-id=\"e4bc8e5\" data-element_type=\"widget\" data-e-type=\"widget\" data-widget_type=\"spacer.default\">\n\t\t\t\t<div class=\"elementor-widget-container\">\n\t\t\t\t\t\t\t<div class=\"elementor-spacer\">\n\t\t\t<div class=\"elementor-spacer-inner\"><\/div>\n\t\t<\/div>\n\t\t\t\t\t\t<\/div>\n\t\t\t\t<\/div>\n\t\t\t\t<div class=\"elementor-element elementor-element-11f0d9b elementor-widget elementor-widget-heading\" data-id=\"11f0d9b\" data-element_type=\"widget\" data-e-type=\"widget\" data-widget_type=\"heading.default\">\n\t\t\t\t<div class=\"elementor-widget-container\">\n\t\t\t\t\t<h2 class=\"elementor-heading-title elementor-size-default\">Un excelente dise\u00f1o UI y UX es tan imprescindible para una buena aplicaci\u00f3n como un c\u00f3digo innovador de \u00faltima generaci\u00f3n.<\/h2>\t\t\t\t<\/div>\n\t\t\t\t<\/div>\n\t\t\t\t<div class=\"elementor-element elementor-element-30d3a58 elementor-widget elementor-widget-spacer\" data-id=\"30d3a58\" data-element_type=\"widget\" data-e-type=\"widget\" data-widget_type=\"spacer.default\">\n\t\t\t\t<div class=\"elementor-widget-container\">\n\t\t\t\t\t\t\t<div class=\"elementor-spacer\">\n\t\t\t<div class=\"elementor-spacer-inner\"><\/div>\n\t\t<\/div>\n\t\t\t\t\t\t<\/div>\n\t\t\t\t<\/div>\n\t\t\t\t<div class=\"elementor-element elementor-element-90532d6 elementor-widget elementor-widget-text-editor\" data-id=\"90532d6\" data-element_type=\"widget\" data-e-type=\"widget\" data-widget_type=\"text-editor.default\">\n\t\t\t\t<div class=\"elementor-widget-container\">\n\t\t\t\t\t\t\t\t\t<p>Despu\u00e9s de todo, el dise\u00f1o determina lo agradable que ser\u00e1 utilizar la aplicaci\u00f3n. Desde 2011, en Pinch nos distinguimos por crear aplicaciones m\u00f3viles con un dise\u00f1o bien pensado y f\u00e1cil de usar.<\/p>\n\t\t\t\t\t\t\t\t<\/div>\n\t\t\t\t<\/div>\n\t\t\t\t\t<\/div>\n\t\t<\/div>\n\t\t\t\t\t<\/div>\n\t\t<\/section>\n\t\t\t\t<section class=\"elementor-section elementor-top-section elementor-element elementor-element-0f0a816 elementor-section-boxed elementor-section-height-default elementor-section-height-default\" data-id=\"0f0a816\" data-element_type=\"section\" data-e-type=\"section\">\n\t\t\t\t\t\t<div class=\"elementor-container elementor-column-gap-default\">\n\t\t\t\t\t<div class=\"elementor-column elementor-col-50 elementor-top-column elementor-element elementor-element-5ffb8ba\" data-id=\"5ffb8ba\" data-element_type=\"column\" data-e-type=\"column\">\n\t\t\t<div class=\"elementor-widget-wrap elementor-element-populated\">\n\t\t\t\t\t\t<div class=\"elementor-element elementor-element-07e730a elementor-widget elementor-widget-heading\" data-id=\"07e730a\" data-element_type=\"widget\" data-e-type=\"widget\" data-widget_type=\"heading.default\">\n\t\t\t\t<div class=\"elementor-widget-container\">\n\t\t\t\t\t<h2 class=\"elementor-heading-title elementor-size-default\">Dise\u00f1o \u00f3ptimo de aplicaciones: papel crucial en 4 aspectos clave<\/h2>\t\t\t\t<\/div>\n\t\t\t\t<\/div>\n\t\t\t\t<div class=\"elementor-element elementor-element-1cf4ee8 elementor-widget elementor-widget-text-editor\" data-id=\"1cf4ee8\" data-element_type=\"widget\" data-e-type=\"widget\" data-widget_type=\"text-editor.default\">\n\t\t\t\t<div class=\"elementor-widget-container\">\n\t\t\t\t\t\t\t\t\t<p>No todas las empresas que quieren tener una aplicaci\u00f3n entienden lo importante que es el dise\u00f1o. El dise\u00f1o de una app es esencial para el \u00e9xito por varios motivos:<\/p>\n<p>1. <strong>Concepto<\/strong>: sin una <span style=\"font-weight: 400;\">buena idea de dise\u00f1o<\/span>, una app nunca podr\u00e1 ser exitosa.<\/p>\n<p><strong>2. Experiencia de usuario<\/strong>: una app debe ser agradable y f\u00e1cil de navegar.<\/p>\n<p><strong>3. Funcionalidades: <\/strong> el dise\u00f1o determina si los usuarios pueden descubrir todas las funcionalidades y utilizarlas sin problemas.<\/p>\n<p><strong>4. Distinci\u00f3n:<\/strong> un dise\u00f1o excelente ayuda a marcar la diferencia entre las miles de apps en las tiendas de aplicaciones.<\/p>\n\t\t\t\t\t\t\t\t<\/div>\n\t\t\t\t<\/div>\n\t\t\t\t<div class=\"elementor-element elementor-element-c6b50fb elementor-widget elementor-widget-button\" data-id=\"c6b50fb\" data-element_type=\"widget\" data-e-type=\"widget\" data-widget_type=\"button.default\">\n\t\t\t\t<div class=\"elementor-widget-container\">\n\t\t\t\t\t\t\t\t\t<div class=\"elementor-button-wrapper\">\n\t\t\t\t\t<a class=\"elementor-button elementor-button-link elementor-size-sm\" href=\"\/werkwijze\/\">\n\t\t\t\t\t\t<span class=\"elementor-button-content-wrapper\">\n\t\t\t\t\t\t\t\t\t<span class=\"elementor-button-text\">Ve nuestro m\u00e9todo de trabajo<\/span>\n\t\t\t\t\t<\/span>\n\t\t\t\t\t<\/a>\n\t\t\t\t<\/div>\n\t\t\t\t\t\t\t\t<\/div>\n\t\t\t\t<\/div>\n\t\t\t\t\t<\/div>\n\t\t<\/div>\n\t\t\t\t<div class=\"elementor-column elementor-col-50 elementor-top-column elementor-element elementor-element-850100b\" data-id=\"850100b\" data-element_type=\"column\" data-e-type=\"column\">\n\t\t\t<div class=\"elementor-widget-wrap elementor-element-populated\">\n\t\t\t\t\t\t<div class=\"elementor-element elementor-element-a3eb61c elementor-widget elementor-widget-image\" data-id=\"a3eb61c\" data-element_type=\"widget\" data-e-type=\"widget\" data-widget_type=\"image.default\">\n\t\t\t\t<div class=\"elementor-widget-container\">\n\t\t\t\t\t\t\t\t\t\t\t\t\t\t\t<img fetchpriority=\"high\" decoding=\"async\" width=\"800\" height=\"545\" src=\"https:\/\/pinch.nl\/wp-content\/uploads\/2023\/06\/Pinch-1.png\" class=\"attachment-large size-large wp-image-13160\" alt=\"app designer\" srcset=\"https:\/\/pinch.nl\/wp-content\/uploads\/2023\/06\/Pinch-1.png 1002w, https:\/\/pinch.nl\/wp-content\/uploads\/2023\/06\/Pinch-1-300x204.png 300w, https:\/\/pinch.nl\/wp-content\/uploads\/2023\/06\/Pinch-1-768x523.png 768w\" sizes=\"(max-width: 800px) 100vw, 800px\" \/>\t\t\t\t\t\t\t\t\t\t\t\t\t\t\t<\/div>\n\t\t\t\t<\/div>\n\t\t\t\t\t<\/div>\n\t\t<\/div>\n\t\t\t\t\t<\/div>\n\t\t<\/section>\n\t\t\t\t<section class=\"elementor-section elementor-top-section elementor-element elementor-element-30af162 elementor-section-boxed elementor-section-height-default elementor-section-height-default\" data-id=\"30af162\" data-element_type=\"section\" data-e-type=\"section\" data-settings=\"{&quot;background_background&quot;:&quot;classic&quot;}\">\n\t\t\t\t\t\t<div class=\"elementor-container elementor-column-gap-default\">\n\t\t\t\t\t<div class=\"elementor-column elementor-col-100 elementor-top-column elementor-element elementor-element-adf1463\" data-id=\"adf1463\" data-element_type=\"column\" data-e-type=\"column\">\n\t\t\t<div class=\"elementor-widget-wrap elementor-element-populated\">\n\t\t\t\t\t\t<div class=\"elementor-element elementor-element-850a7e3 elementor-widget elementor-widget-heading\" data-id=\"850a7e3\" data-element_type=\"widget\" data-e-type=\"widget\" data-widget_type=\"heading.default\">\n\t\t\t\t<div class=\"elementor-widget-container\">\n\t\t\t\t\t<h2 class=\"elementor-heading-title elementor-size-default\">UX &amp; UI\n<\/h2>\t\t\t\t<\/div>\n\t\t\t\t<\/div>\n\t\t\t\t<div class=\"elementor-element elementor-element-e9dc4b8 elementor-widget elementor-widget-text-editor\" data-id=\"e9dc4b8\" data-element_type=\"widget\" data-e-type=\"widget\" data-widget_type=\"text-editor.default\">\n\t\t\t\t<div class=\"elementor-widget-container\">\n\t\t\t\t\t\t\t\t\tEl dise\u00f1o UI tiene que ver con los elementos visuales. Piensa en la identidad corporativa, colores, tipograf\u00eda, animaciones y elementos de interacci\u00f3n. Una interfaz de usuario atractiva e intuitiva es fundamental para el dise\u00f1o de UX. Incluye el desarrollo del concepto y la arquitectura de la informaci\u00f3n, wireframing, creaci\u00f3n de prototipos y pruebas de usuario. Los dise\u00f1adores de Pinch dedican tiempo a desarrollar, validar y, testear conceptos (por parte del usuario), prototipos y productos finales.\n \t\t\t\t\t\t\t\t<\/div>\n\t\t\t\t<\/div>\n\t\t\t\t\t<\/div>\n\t\t<\/div>\n\t\t\t\t\t<\/div>\n\t\t<\/section>\n\t\t\t\t<section class=\"elementor-section elementor-top-section elementor-element elementor-element-46a60c8 elementor-section-boxed elementor-section-height-default elementor-section-height-default\" data-id=\"46a60c8\" data-element_type=\"section\" data-e-type=\"section\">\n\t\t\t\t\t\t<div class=\"elementor-container elementor-column-gap-default\">\n\t\t\t\t\t<div class=\"elementor-column elementor-col-100 elementor-top-column elementor-element elementor-element-ef0497d\" data-id=\"ef0497d\" data-element_type=\"column\" data-e-type=\"column\">\n\t\t\t<div class=\"elementor-widget-wrap elementor-element-populated\">\n\t\t\t\t\t\t<div class=\"elementor-element elementor-element-c662dad elementor-widget elementor-widget-heading\" data-id=\"c662dad\" data-element_type=\"widget\" data-e-type=\"widget\" data-widget_type=\"heading.default\">\n\t\t\t\t<div class=\"elementor-widget-container\">\n\t\t\t\t\t<h2 class=\"elementor-heading-title elementor-size-default\">Dise\u00f1o de Pinch\n<\/h2>\t\t\t\t<\/div>\n\t\t\t\t<\/div>\n\t\t\t\t<div class=\"elementor-element elementor-element-844df75 elementor-widget elementor-widget-text-editor\" data-id=\"844df75\" data-element_type=\"widget\" data-e-type=\"widget\" data-widget_type=\"text-editor.default\">\n\t\t\t\t<div class=\"elementor-widget-container\">\n\t\t\t\t\t\t\t\t\t<p>Pinch es una agencia de desarrollo m\u00f3vil muy completa, donde tambi\u00e9n ofrecemos dise\u00f1o de apps como un servicio independiente. El proceso de dise\u00f1o de Pinch incluye los siguientes pasos:<\/p>\n<ul>\n<li>Desarrollar concepto y estrategia.<\/li>\n<li>Determinar objetivos<\/li>\n<li>Crear perfiles de usuario y personas.<\/li>\n<li>Dise\u00f1o de wireframes y dise\u00f1o de flows.<\/li>\n<li>Crea un dise\u00f1o visual y reg\u00edstralo en una gu\u00eda de estilo.<\/li>\n<li>Crear dise\u00f1o de interacci\u00f3n<\/li>\n<li>(Usuario) pruebas y recopilaci\u00f3n de comentarios.<\/li>\n<\/ul>\n\t\t\t\t\t\t\t\t<\/div>\n\t\t\t\t<\/div>\n\t\t\t\t<div class=\"elementor-element elementor-element-529bfd3 elementor-widget elementor-widget-heading\" data-id=\"529bfd3\" data-element_type=\"widget\" data-e-type=\"widget\" data-widget_type=\"heading.default\">\n\t\t\t\t<div class=\"elementor-widget-container\">\n\t\t\t\t\t<h2 class=\"elementor-heading-title elementor-size-default\">Experiencia de dise\u00f1o 100% m\u00f3vil\n<\/h2>\t\t\t\t<\/div>\n\t\t\t\t<\/div>\n\t\t\t\t<div class=\"elementor-element elementor-element-965769e elementor-widget elementor-widget-text-editor\" data-id=\"965769e\" data-element_type=\"widget\" data-e-type=\"widget\" data-widget_type=\"text-editor.default\">\n\t\t\t\t<div class=\"elementor-widget-container\">\n\t\t\t\t\t\t\t\t\tMientras que la muchas agencias tambi\u00e9n crean otros tipos de aplicaciones, en Pinch creamos exclusivamente aplicaciones m\u00f3viles. Los dise\u00f1adores de UX y UI de Pinch dise\u00f1an exclusivamente para dispositivos m\u00f3viles. El uso, dise\u00f1o y configuraci\u00f3n de flows para evitar mensajes de error, cumplir con los est\u00e1ndares de Apple y Google&#8230; El dise\u00f1o m\u00f3vil es una profesi\u00f3n en s\u00ed misma, que nuestros dise\u00f1adores dominan hasta el \u00faltimo detalle.\n\t\t\t\t\t\t\t\t<\/div>\n\t\t\t\t<\/div>\n\t\t\t\t<div class=\"elementor-element elementor-element-95e9bb3 elementor-widget elementor-widget-heading\" data-id=\"95e9bb3\" data-element_type=\"widget\" data-e-type=\"widget\" data-widget_type=\"heading.default\">\n\t\t\t\t<div class=\"elementor-widget-container\">\n\t\t\t\t\t<h2 class=\"elementor-heading-title elementor-size-default\">Dise\u00f1o at\u00f3mico: elemento b\u00e1sico para el \u00e9xito\n<\/h2>\t\t\t\t<\/div>\n\t\t\t\t<\/div>\n\t\t\t\t<div class=\"elementor-element elementor-element-903c3ef elementor-widget elementor-widget-text-editor\" data-id=\"903c3ef\" data-element_type=\"widget\" data-e-type=\"widget\" data-widget_type=\"text-editor.default\">\n\t\t\t\t<div class=\"elementor-widget-container\">\n\t\t\t\t\t\t\t\t\tPinch funciona seg\u00fan el principio de dise\u00f1o at\u00f3mico. El n\u00facleo de este m\u00e9todo: dise\u00f1ar componentes individuales y reusables que trabajen juntos para formar un conjunto mayor. Los &#8216;\u00e1tomos&#8217; como botones, formularios, im\u00e1genes, \u00edconos y bloques de texto se almacenan de manera centralizada. Estos componentes se combinan para crear pantallas consistentes y escalables.\n\t\t\t\t\t\t\t\t<\/div>\n\t\t\t\t<\/div>\n\t\t\t\t\t<\/div>\n\t\t<\/div>\n\t\t\t\t\t<\/div>\n\t\t<\/section>\n\t\t\t\t<\/div>\n\t\t","protected":false},"excerpt":{"rendered":"<p>DISE\u00d1O DE APPS Dise\u00f1o impoluto: la base para una app de \u00e9xito Un excelente dise\u00f1o UI y UX es tan imprescindible para una buena aplicaci\u00f3n como un c\u00f3digo innovador de \u00faltima generaci\u00f3n. Despu\u00e9s de todo, el dise\u00f1o determina lo agradable que ser\u00e1 utilizar la aplicaci\u00f3n. Desde 2011, en Pinch nos distinguimos por crear aplicaciones m\u00f3viles [&hellip;]<\/p>\n","protected":false},"author":9,"featured_media":0,"parent":0,"menu_order":0,"comment_status":"closed","ping_status":"closed","template":"elementor_header_footer","meta":{"_seopress_robots_primary_cat":"","_seopress_titles_title":"Dise\u00f1o de apps | Pinch | Desarrolladores de apps | Dise\u00f1a tu app","_seopress_titles_desc":"En Pinch convertimos tu ideApp en realidad con nuestros desarrolladores profesionales | Dise\u00f1o de apps con Pinch ","_seopress_robots_index":"","footnotes":""},"class_list":["post-12535","page","type-page","status-publish","hentry"],"_links":{"self":[{"href":"https:\/\/pinch.nl\/es\/wp-json\/wp\/v2\/pages\/12535","targetHints":{"allow":["GET"]}}],"collection":[{"href":"https:\/\/pinch.nl\/es\/wp-json\/wp\/v2\/pages"}],"about":[{"href":"https:\/\/pinch.nl\/es\/wp-json\/wp\/v2\/types\/page"}],"author":[{"embeddable":true,"href":"https:\/\/pinch.nl\/es\/wp-json\/wp\/v2\/users\/9"}],"replies":[{"embeddable":true,"href":"https:\/\/pinch.nl\/es\/wp-json\/wp\/v2\/comments?post=12535"}],"version-history":[{"count":5,"href":"https:\/\/pinch.nl\/es\/wp-json\/wp\/v2\/pages\/12535\/revisions"}],"predecessor-version":[{"id":12831,"href":"https:\/\/pinch.nl\/es\/wp-json\/wp\/v2\/pages\/12535\/revisions\/12831"}],"wp:attachment":[{"href":"https:\/\/pinch.nl\/es\/wp-json\/wp\/v2\/media?parent=12535"}],"curies":[{"name":"wp","href":"https:\/\/api.w.org\/{rel}","templated":true}]}}