{"id":12540,"date":"2023-01-10T13:40:43","date_gmt":"2023-01-10T12:40:43","guid":{"rendered":"https:\/\/pinch.nl\/app-laten-bouwen\/"},"modified":"2025-01-30T15:27:10","modified_gmt":"2025-01-30T14:27:10","slug":"app-laten-bouwen","status":"publish","type":"page","link":"https:\/\/pinch.nl\/es\/app-laten-bouwen\/","title":{"rendered":"Crea tu aplicaci\u00f3n"},"content":{"rendered":"\t\t<div data-elementor-type=\"wp-page\" data-elementor-id=\"12540\" class=\"elementor elementor-12540 elementor-7223\" data-elementor-post-type=\"page\">\n\t\t\t\t\t\t<section class=\"elementor-section elementor-top-section elementor-element elementor-element-f8e5634 elementor-section-boxed elementor-section-height-default elementor-section-height-default\" data-id=\"f8e5634\" data-element_type=\"section\" data-e-type=\"section\" data-settings=\"{&quot;background_background&quot;:&quot;classic&quot;}\">\n\t\t\t\t\t\t\t<div class=\"elementor-background-overlay\"><\/div>\n\t\t\t\t\t\t\t<div class=\"elementor-container elementor-column-gap-default\">\n\t\t\t\t\t<div class=\"elementor-column elementor-col-100 elementor-top-column elementor-element elementor-element-c1a3620\" data-id=\"c1a3620\" data-element_type=\"column\" data-e-type=\"column\">\n\t\t\t<div class=\"elementor-widget-wrap elementor-element-populated\">\n\t\t\t\t\t\t<div class=\"elementor-element elementor-element-8e3e296 elementor-widget elementor-widget-heading\" data-id=\"8e3e296\" data-element_type=\"widget\" data-e-type=\"widget\" data-widget_type=\"heading.default\">\n\t\t\t\t<div class=\"elementor-widget-container\">\n\t\t\t\t\t<h2 class=\"elementor-heading-title elementor-size-default\">DESARROLLO DE APPS<\/h2>\t\t\t\t<\/div>\n\t\t\t\t<\/div>\n\t\t\t\t<div class=\"elementor-element elementor-element-02b6d89 elementor-widget-divider--view-line elementor-widget elementor-widget-divider\" data-id=\"02b6d89\" data-element_type=\"widget\" data-e-type=\"widget\" data-widget_type=\"divider.default\">\n\t\t\t\t<div class=\"elementor-widget-container\">\n\t\t\t\t\t\t\t<div class=\"elementor-divider\">\n\t\t\t<span class=\"elementor-divider-separator\">\n\t\t\t\t\t\t<\/span>\n\t\t<\/div>\n\t\t\t\t\t\t<\/div>\n\t\t\t\t<\/div>\n\t\t\t\t\t<\/div>\n\t\t<\/div>\n\t\t\t\t\t<\/div>\n\t\t<\/section>\n\t\t\t\t<section class=\"elementor-section elementor-top-section elementor-element elementor-element-75f2386a elementor-section-boxed elementor-section-height-default elementor-section-height-default\" data-id=\"75f2386a\" data-element_type=\"section\" data-e-type=\"section\">\n\t\t\t\t\t\t<div class=\"elementor-container elementor-column-gap-default\">\n\t\t\t\t\t<div class=\"elementor-column elementor-col-100 elementor-top-column elementor-element elementor-element-6517bb0c\" data-id=\"6517bb0c\" data-element_type=\"column\" data-e-type=\"column\">\n\t\t\t<div class=\"elementor-widget-wrap elementor-element-populated\">\n\t\t\t\t\t\t<div class=\"elementor-element elementor-element-347457a elementor-widget elementor-widget-heading\" data-id=\"347457a\" data-element_type=\"widget\" data-e-type=\"widget\" data-widget_type=\"heading.default\">\n\t\t\t\t<div class=\"elementor-widget-container\">\n\t\t\t\t\t<h1 class=\"elementor-heading-title elementor-size-default\">\u00bfNecesitas un desarrollador de aplicaciones para crear tu app?<\/h1>\t\t\t\t<\/div>\n\t\t\t\t<\/div>\n\t\t\t\t<div class=\"elementor-element elementor-element-02bc40a elementor-widget elementor-widget-text-editor\" data-id=\"02bc40a\" data-element_type=\"widget\" data-e-type=\"widget\" data-widget_type=\"text-editor.default\">\n\t\t\t\t<div class=\"elementor-widget-container\">\n\t\t\t\t\t\t\t\t\t<p>Si est\u00e1s considerando crear una app para tu negocio, es importante darse cuenta de que este es un gran paso en el mundo de la tecnolog\u00eda dentro de tu compa\u00f1\u00eda. Una aplicaci\u00f3n puede aumentar tu presencia en l\u00ednea y hacer que tu marca sea m\u00e1s conocida. Pero no se trata s\u00f3lo de querer una aplicaci\u00f3n, hay muchos factores a considerar, como la plataforma en la que se debe construir la app, las caracter\u00edsticas que debe incluir y los costos de dise\u00f1o y desarrollo.<\/p>\n<p>Existen dos maneras de desarrollar una aplicaci\u00f3n: puedes contratar una empresa externa o puedes crear un equipo de desarrollo interno. Ambas opciones tienen sus pros y sus contras. Las empresas externas suelen tener m\u00e1s experiencia y conocimientos en el desarrollo de aplicaciones y pueden trabajar m\u00e1s r\u00e1pido que los equipos internos, pero un equipo interno tiene m\u00e1s conocimiento de la empresa y, por lo tanto, puede trabajar m\u00e1s espec\u00edficamente en una aplicaci\u00f3n que cumpla con los requisitos espec\u00edficos.<\/p>\n<p>Antes de empezar a crear una aplicaci\u00f3n, es importante pensar detenidamente cu\u00e1l es la opci\u00f3n que mejor se adapta a tu empresa. Tambi\u00e9n es aconsejable establecer un p\u00fablico objetivo, un calendario y un presupuesto claros con antelaci\u00f3n para poder garantizar que la aplicaci\u00f3n se complete a tiempo y dentro del presupuesto.<\/p>\n<p>En definitiva, crear una aplicaci\u00f3n es una decisi\u00f3n importante para una empresa. Existen muchos factores a considerar y diferentes opciones para desarrollar una app. Pero si tomas la decisi\u00f3n correcta y pones en marcha un buen plan, una aplicaci\u00f3n puede ayudar a que tu negocio crezca y brindar a tus clientes una mejor experiencia.<\/p>\n\t\t\t\t\t\t\t\t<\/div>\n\t\t\t\t<\/div>\n\t\t\t\t\t<\/div>\n\t\t<\/div>\n\t\t\t\t\t<\/div>\n\t\t<\/section>\n\t\t\t\t<section class=\"elementor-section elementor-top-section elementor-element elementor-element-134e3a5 elementor-section-boxed elementor-section-height-default elementor-section-height-default\" data-id=\"134e3a5\" data-element_type=\"section\" data-e-type=\"section\">\n\t\t\t\t\t\t<div class=\"elementor-container elementor-column-gap-default\">\n\t\t\t\t\t<div class=\"elementor-column elementor-col-100 elementor-top-column elementor-element elementor-element-700d71b\" data-id=\"700d71b\" data-element_type=\"column\" data-e-type=\"column\">\n\t\t\t<div class=\"elementor-widget-wrap elementor-element-populated\">\n\t\t\t\t\t\t<div class=\"elementor-element elementor-element-01a148c elementor-widget elementor-widget-heading\" data-id=\"01a148c\" data-element_type=\"widget\" data-e-type=\"widget\" data-widget_type=\"heading.default\">\n\t\t\t\t<div class=\"elementor-widget-container\">\n\t\t\t\t\t<h1 class=\"elementor-heading-title elementor-size-default\">Crear tu aplicaci\u00f3n con Pinch<\/h1>\t\t\t\t<\/div>\n\t\t\t\t<\/div>\n\t\t\t\t<div class=\"elementor-element elementor-element-815687e elementor-widget elementor-widget-text-editor\" data-id=\"815687e\" data-element_type=\"widget\" data-e-type=\"widget\" data-widget_type=\"text-editor.default\">\n\t\t\t\t<div class=\"elementor-widget-container\">\n\t\t\t\t\t\t\t\t\t<p>Desde nuestras oficinas en \u00c1msterdam y M\u00e1laga, un equipo de desarrolladores y dise\u00f1adores senior trabaja con clientes para crear aplicaciones de alta calidad que sobresalen. Hasta ahora hemos desarrollado m\u00e1s de 100 aplicaciones para NRC, De Telegraaf y Q-Music, entre otros: y estamos orgullosos de ello. \u00bfTienes curiosidad por conocer nuestro <a href=\"https:\/\/pinch.nl\/es\/werkwijze\/\">completo m\u00e9todo de trabajo<\/a>?<\/p>\n<p>Durante el desarrollo de la aplicaci\u00f3n, un director de proyectos de Pinch controla el proceso y la comunicaci\u00f3n entre el cliente, los desarrolladores y los dise\u00f1adores que trabajan en su aplicaci\u00f3n todos los d\u00edas. Creamos aplicaciones para Android, iOS y Flutter.<\/p>\n\t\t\t\t\t\t\t\t<\/div>\n\t\t\t\t<\/div>\n\t\t\t\t\t<\/div>\n\t\t<\/div>\n\t\t\t\t\t<\/div>\n\t\t<\/section>\n\t\t\t\t<section class=\"elementor-section elementor-top-section elementor-element elementor-element-9e100a1 elementor-section-boxed elementor-section-height-default elementor-section-height-default\" data-id=\"9e100a1\" data-element_type=\"section\" data-e-type=\"section\">\n\t\t\t\t\t\t<div class=\"elementor-container elementor-column-gap-default\">\n\t\t\t\t\t<div class=\"elementor-column elementor-col-100 elementor-top-column elementor-element elementor-element-acb880d\" data-id=\"acb880d\" data-element_type=\"column\" data-e-type=\"column\">\n\t\t\t<div class=\"elementor-widget-wrap elementor-element-populated\">\n\t\t\t\t\t\t<div class=\"elementor-element elementor-element-14a266a elementor-widget elementor-widget-heading\" data-id=\"14a266a\" data-element_type=\"widget\" data-e-type=\"widget\" data-widget_type=\"heading.default\">\n\t\t\t\t<div class=\"elementor-widget-container\">\n\t\t\t\t\t<h2 class=\"elementor-heading-title elementor-size-default\">\u00bfQuieres crear una app? \u00a1Cont\u00e1ctanos!<\/h2>\t\t\t\t<\/div>\n\t\t\t\t<\/div>\n\t\t\t\t\t<\/div>\n\t\t<\/div>\n\t\t\t\t\t<\/div>\n\t\t<\/section>\n\t\t\t\t<section class=\"elementor-section elementor-top-section elementor-element elementor-element-aadab15 elementor-section-boxed elementor-section-height-default elementor-section-height-default\" data-id=\"aadab15\" data-element_type=\"section\" data-e-type=\"section\">\n\t\t\t\t\t\t<div class=\"elementor-container elementor-column-gap-default\">\n\t\t\t\t\t<div class=\"elementor-column elementor-col-100 elementor-top-column elementor-element elementor-element-ab297ef\" data-id=\"ab297ef\" data-element_type=\"column\" data-e-type=\"column\">\n\t\t\t<div class=\"elementor-widget-wrap elementor-element-populated\">\n\t\t\t\t\t\t<div class=\"elementor-element elementor-element-448bd5d elementor-widget elementor-widget-text-editor\" data-id=\"448bd5d\" data-element_type=\"widget\" data-e-type=\"widget\" data-widget_type=\"text-editor.default\">\n\t\t\t\t<div class=\"elementor-widget-container\">\n\t\t\t\t\t\t\t\t\t<p>\u00a1Env\u00edanos un mensaje! Nos aseguramos de responder lo m\u00e1s r\u00e1pido posible.<\/p>\n\t\t\t\t\t\t\t\t<\/div>\n\t\t\t\t<\/div>\n\t\t\t\t<div class=\"elementor-element elementor-element-5a24743 elementor-button-align-end elementor-widget elementor-widget-form\" data-id=\"5a24743\" data-element_type=\"widget\" data-e-type=\"widget\" data-settings=\"{&quot;step_next_label&quot;:&quot;Siguiente&quot;,&quot;step_previous_label&quot;:&quot;Anterior&quot;,&quot;button_width&quot;:&quot;100&quot;,&quot;step_type&quot;:&quot;number_text&quot;,&quot;step_icon_shape&quot;:&quot;circle&quot;}\" data-widget_type=\"form.default\">\n\t\t\t\t<div class=\"elementor-widget-container\">\n\t\t\t\t\t\t\t<form class=\"elementor-form\" method=\"post\" name=\"Nuevo formulario\" aria-label=\"Nuevo formulario\">\n\t\t\t<input type=\"hidden\" name=\"post_id\" value=\"12540\"\/>\n\t\t\t<input type=\"hidden\" name=\"form_id\" value=\"5a24743\"\/>\n\t\t\t<input type=\"hidden\" name=\"referer_title\" value=\"Crea tu aplicaci\u00f3n\" \/>\n\n\t\t\t\t\t\t\t<input type=\"hidden\" name=\"queried_id\" value=\"12540\"\/>\n\t\t\t\n\t\t\t<div class=\"elementor-form-fields-wrapper elementor-labels-above\">\n\t\t\t\t\t\t\t\t<div class=\"elementor-field-type-select elementor-field-group elementor-column elementor-field-group-name elementor-col-50\">\n\t\t\t\t\t\t\t\t\t\t\t\t<label for=\"form-field-name\" class=\"elementor-field-label\">\n\t\t\t\t\t\t\t\t\u00bfEn qu\u00e9 podemos ayudarte?\t\t\t\t\t\t\t<\/label>\n\t\t\t\t\t\t\t\t<div class=\"elementor-field elementor-select-wrapper remove-before \">\n\t\t\t<div class=\"select-caret-down-wrapper\">\n\t\t\t\t<i aria-hidden=\"true\" class=\"eicon-caret-down\"><\/i>\t\t\t<\/div>\n\t\t\t<select name=\"form_fields[name]\" id=\"form-field-name\" class=\"elementor-field-textual elementor-size-sm\">\n\t\t\t\t\t\t\t\t\t<option value=\"Quiero desarrollar una aplicaci\u00f3n\">Quiero desarrollar una aplicaci\u00f3n<\/option>\n\t\t\t\t\t\t\t\t\t<option value=\"Quiero aplicar\">Quiero aplicar<\/option>\n\t\t\t\t\t\t\t\t\t<option value=\"Tengo una pregunta acerca de una aplicaci\u00f3n existente\">Tengo una pregunta acerca de una aplicaci\u00f3n existente<\/option>\n\t\t\t\t\t\t\t\t\t<option value=\"Quiero m\u00e1s informaci\u00f3n sobre Pinch\">Quiero m\u00e1s informaci\u00f3n sobre Pinch<\/option>\n\t\t\t\t\t\t\t\t\t<option value=\"\"><\/option>\n\t\t\t\t\t\t\t<\/select>\n\t\t<\/div>\n\t\t\t\t\t\t<\/div>\n\t\t\t\t\t\t\t\t<div class=\"elementor-field-type-text elementor-field-group elementor-column elementor-field-group-field_1ed44ea elementor-col-100 elementor-field-required\">\n\t\t\t\t\t\t\t\t\t\t\t\t<label for=\"form-field-field_1ed44ea\" class=\"elementor-field-label\">\n\t\t\t\t\t\t\t\tNombre\t\t\t\t\t\t\t<\/label>\n\t\t\t\t\t\t\t\t\t\t\t\t\t\t<input size=\"1\" type=\"text\" name=\"form_fields[field_1ed44ea]\" id=\"form-field-field_1ed44ea\" class=\"elementor-field elementor-size-sm  elementor-field-textual\" placeholder=\"Nombre\" required=\"required\">\n\t\t\t\t\t\t\t\t\t\t\t<\/div>\n\t\t\t\t\t\t\t\t<div class=\"elementor-field-type-email elementor-field-group elementor-column elementor-field-group-email elementor-col-100 elementor-field-required\">\n\t\t\t\t\t\t\t\t\t\t\t\t<label for=\"form-field-email\" class=\"elementor-field-label\">\n\t\t\t\t\t\t\t\tE-mail\t\t\t\t\t\t\t<\/label>\n\t\t\t\t\t\t\t\t\t\t\t\t\t\t<input size=\"1\" type=\"email\" name=\"form_fields[email]\" id=\"form-field-email\" class=\"elementor-field elementor-size-sm  elementor-field-textual\" placeholder=\"E-mail\" required=\"required\">\n\t\t\t\t\t\t\t\t\t\t\t<\/div>\n\t\t\t\t\t\t\t\t<div class=\"elementor-field-type-tel elementor-field-group elementor-column elementor-field-group-field_4d00fdb elementor-col-100 elementor-field-required\">\n\t\t\t\t\t\t\t\t\t\t\t\t<label for=\"form-field-field_4d00fdb\" class=\"elementor-field-label\">\n\t\t\t\t\t\t\t\tN\u00famero de tel\u00e9fono\t\t\t\t\t\t\t<\/label>\n\t\t\t\t\t\t\t\t<input size=\"1\" type=\"tel\" name=\"form_fields[field_4d00fdb]\" id=\"form-field-field_4d00fdb\" class=\"elementor-field elementor-size-sm  elementor-field-textual\" placeholder=\"N\u00famero de tel\u00e9fono\" required=\"required\" pattern=\"[0-9()#&amp;+*-=.]+\" title=\"Solo se aceptan n\u00fameros y caracteres de tel\u00e9fono (#,-,*,etc).\">\n\n\t\t\t\t\t\t<\/div>\n\t\t\t\t\t\t\t\t<div class=\"elementor-field-type-textarea elementor-field-group elementor-column elementor-field-group-message elementor-col-100 elementor-field-required\">\n\t\t\t\t\t\t\t\t\t\t\t\t<label for=\"form-field-message\" class=\"elementor-field-label\">\n\t\t\t\t\t\t\t\tEscribe tu mensaje aqu\u00ed...\t\t\t\t\t\t\t<\/label>\n\t\t\t\t\t\t<textarea class=\"elementor-field-textual elementor-field  elementor-size-sm\" name=\"form_fields[message]\" id=\"form-field-message\" rows=\"4\" placeholder=\"Mensaje\" required=\"required\"><\/textarea>\t\t\t\t<\/div>\n\t\t\t\t\t\t\t\t<div class=\"elementor-field-group elementor-column elementor-field-type-submit elementor-col-100 e-form__buttons\">\n\t\t\t\t\t<button class=\"elementor-button elementor-size-sm\" type=\"submit\">\n\t\t\t\t\t\t<span class=\"elementor-button-content-wrapper\">\n\t\t\t\t\t\t\t\t\t\t\t\t\t\t\t<span class=\"elementor-button-icon\">\n\t\t\t\t\t\t\t\t\t<i aria-hidden=\"true\" class=\"far fa-paper-plane\"><\/i>\t\t\t\t\t\t\t\t\t\t\t\t\t\t\t\t\t<\/span>\n\t\t\t\t\t\t\t\t\t\t\t\t\t\t\t\t\t\t\t\t\t\t<span class=\"elementor-button-text\">Enviar<\/span>\n\t\t\t\t\t\t\t\t\t\t\t\t\t<\/span>\n\t\t\t\t\t<\/button>\n\t\t\t\t<\/div>\n\t\t\t<\/div>\n\t\t<\/form>\n\t\t\t\t\t\t<\/div>\n\t\t\t\t<\/div>\n\t\t\t\t\t<\/div>\n\t\t<\/div>\n\t\t\t\t\t<\/div>\n\t\t<\/section>\n\t\t\t\t<section class=\"elementor-section elementor-top-section elementor-element elementor-element-401c0744 elementor-section-boxed elementor-section-height-default elementor-section-height-default\" data-id=\"401c0744\" data-element_type=\"section\" data-e-type=\"section\">\n\t\t\t\t\t\t<div class=\"elementor-container elementor-column-gap-default\">\n\t\t\t\t\t<div class=\"elementor-column elementor-col-100 elementor-top-column elementor-element elementor-element-7e176a4f\" data-id=\"7e176a4f\" data-element_type=\"column\" data-e-type=\"column\">\n\t\t\t<div class=\"elementor-widget-wrap elementor-element-populated\">\n\t\t\t\t\t\t<div class=\"elementor-element elementor-element-1d620612 elementor-widget elementor-widget-heading\" data-id=\"1d620612\" data-element_type=\"widget\" data-e-type=\"widget\" data-widget_type=\"heading.default\">\n\t\t\t\t<div class=\"elementor-widget-container\">\n\t\t\t\t\t<h2 class=\"elementor-heading-title elementor-size-default\">Art\u00edculos relacionados<\/h2>\t\t\t\t<\/div>\n\t\t\t\t<\/div>\n\t\t\t\t\t<\/div>\n\t\t<\/div>\n\t\t\t\t\t<\/div>\n\t\t<\/section>\n\t\t\t\t<section class=\"elementor-section elementor-top-section elementor-element elementor-element-6cc88c04 elementor-section-boxed elementor-section-height-default elementor-section-height-default\" data-id=\"6cc88c04\" data-element_type=\"section\" data-e-type=\"section\">\n\t\t\t\t\t\t<div class=\"elementor-container elementor-column-gap-default\">\n\t\t\t\t\t<div class=\"elementor-column elementor-col-100 elementor-top-column elementor-element elementor-element-574b059d\" data-id=\"574b059d\" data-element_type=\"column\" data-e-type=\"column\">\n\t\t\t<div class=\"elementor-widget-wrap elementor-element-populated\">\n\t\t\t\t\t\t\t<\/div>\n\t\t<\/div>\n\t\t\t\t\t<\/div>\n\t\t<\/section>\n\t\t\t\t<\/div>\n\t\t","protected":false},"excerpt":{"rendered":"<p>DESARROLLO DE APPS \u00bfNecesitas un desarrollador de aplicaciones para crear tu app? Si est\u00e1s considerando crear una app para tu negocio, es importante darse cuenta de que este es un gran paso en el mundo de la tecnolog\u00eda dentro de tu compa\u00f1\u00eda. Una aplicaci\u00f3n puede aumentar tu presencia en l\u00ednea y hacer que tu marca [&hellip;]<\/p>\n","protected":false},"author":9,"featured_media":0,"parent":0,"menu_order":0,"comment_status":"closed","ping_status":"closed","template":"elementor_header_footer","meta":{"_seopress_robots_primary_cat":"","_seopress_titles_title":"Desarrolla tu app | Pinch | Desarrolladores de aplicaciones","_seopress_titles_desc":"\u00bfQuieres crear una app? Una aplicaci\u00f3n puede aumentar tu presencia en l\u00ednea y hacer que tu marca sea m\u00e1s conocida. \u00bfQuieres tener m\u00e1s informaci\u00f3n? \u00a1Lee m\u00e1s!","_seopress_robots_index":"","footnotes":""},"class_list":["post-12540","page","type-page","status-publish","hentry"],"_links":{"self":[{"href":"https:\/\/pinch.nl\/es\/wp-json\/wp\/v2\/pages\/12540","targetHints":{"allow":["GET"]}}],"collection":[{"href":"https:\/\/pinch.nl\/es\/wp-json\/wp\/v2\/pages"}],"about":[{"href":"https:\/\/pinch.nl\/es\/wp-json\/wp\/v2\/types\/page"}],"author":[{"embeddable":true,"href":"https:\/\/pinch.nl\/es\/wp-json\/wp\/v2\/users\/9"}],"replies":[{"embeddable":true,"href":"https:\/\/pinch.nl\/es\/wp-json\/wp\/v2\/comments?post=12540"}],"version-history":[{"count":2,"href":"https:\/\/pinch.nl\/es\/wp-json\/wp\/v2\/pages\/12540\/revisions"}],"predecessor-version":[{"id":12993,"href":"https:\/\/pinch.nl\/es\/wp-json\/wp\/v2\/pages\/12540\/revisions\/12993"}],"wp:attachment":[{"href":"https:\/\/pinch.nl\/es\/wp-json\/wp\/v2\/media?parent=12540"}],"curies":[{"name":"wp","href":"https:\/\/api.w.org\/{rel}","templated":true}]}}